{"id":57351,"date":"2026-04-02T15:23:54","date_gmt":"2026-04-02T12:23:54","guid":{"rendered":"https:\/\/lialea.com\/?post_type=product&#038;p=57351"},"modified":"2026-04-02T15:23:55","modified_gmt":"2026-04-02T12:23:55","slug":"kiz-cocuk-kahverengi-sort","status":"publish","type":"product","link":"https:\/\/lialea.com\/tr\/urun\/kiz-cocuk-kahverengi-sort\/","title":{"rendered":"KIZ \u00c7OCUK KAHVERENG\u0130 \u015eORT"},"content":{"rendered":"<p>\u00dcR\u00dcN KODU : SH09133 : KIZ \u00c7OCUK KAHVERENG\u0130 \u015eORT<\/p>\n","protected":false},"excerpt":{"rendered":"<p>\u00dcR\u00dcN KODU : SH09133 : KIZ \u00c7OCUK KAHVERENG\u0130 \u015eORT<\/p>\n","protected":false},"featured_media":57281,"comment_status":"open","ping_status":"closed","template":"","meta":[],"product_brand":[],"product_cat":[152],"product_tag":[],"class_list":{"0":"post-57351","1":"product","2":"type-product","3":"status-publish","4":"has-post-thumbnail","6":"product_cat-elbiseler-4-12-yas","9":"first","10":"instock","11":"shipping-taxable","12":"product-type-external"},"_links":{"self":[{"href":"https:\/\/lialea.com\/tr\/wp-json\/wp\/v2\/product\/57351","targetHints":{"allow":["GET"]}}],"collection":[{"href":"https:\/\/lialea.com\/tr\/wp-json\/wp\/v2\/product"}],"about":[{"href":"https:\/\/lialea.com\/tr\/wp-json\/wp\/v2\/types\/product"}],"replies":[{"embeddable":true,"href":"https:\/\/lialea.com\/tr\/wp-json\/wp\/v2\/comments?post=57351"}],"wp:featuredmedia":[{"embeddable":true,"href":"https:\/\/lialea.com\/tr\/wp-json\/wp\/v2\/media\/57281"}],"wp:attachment":[{"href":"https:\/\/lialea.com\/tr\/wp-json\/wp\/v2\/media?parent=57351"}],"wp:term":[{"taxonomy":"product_brand","embeddable":true,"href":"https:\/\/lialea.com\/tr\/wp-json\/wp\/v2\/product_brand?post=57351"},{"taxonomy":"product_cat","embeddable":true,"href":"https:\/\/lialea.com\/tr\/wp-json\/wp\/v2\/product_cat?post=57351"},{"taxonomy":"product_tag","embeddable":true,"href":"https:\/\/lialea.com\/tr\/wp-json\/wp\/v2\/product_tag?post=57351"}],"curies":[{"name":"wp","href":"https:\/\/api.w.org\/{rel}","templated":true}]}}