{"id":57350,"date":"2026-04-02T15:20:10","date_gmt":"2026-04-02T12:20:10","guid":{"rendered":"https:\/\/lialea.com\/?post_type=product&#038;p=57350"},"modified":"2026-04-02T15:20:10","modified_gmt":"2026-04-02T12:20:10","slug":"kiz-cocuk-desenli-sort","status":"publish","type":"product","link":"https:\/\/lialea.com\/tr\/urun\/kiz-cocuk-desenli-sort\/","title":{"rendered":"KIZ \u00c7OCUK DESENL\u0130 \u015eORT"},"content":{"rendered":"<p>\u00dcR\u00dcN KODU : SH09131 : KIZ \u00c7OCUK DESENL\u0130 \u015eORT<\/p>\n","protected":false},"excerpt":{"rendered":"<p>\u00dcR\u00dcN KODU : SH09131 : KIZ \u00c7OCUK DESENL\u0130 \u015eORT<\/p>\n","protected":false},"featured_media":57202,"comment_status":"open","ping_status":"closed","template":"","meta":[],"product_brand":[],"product_cat":[159,161],"product_tag":[],"class_list":{"0":"post-57350","1":"product","2":"type-product","3":"status-publish","4":"has-post-thumbnail","6":"product_cat-sortlar","7":"product_cat-yeni-sezon","10":"first","11":"instock","12":"shipping-taxable","13":"product-type-external"},"_links":{"self":[{"href":"https:\/\/lialea.com\/tr\/wp-json\/wp\/v2\/product\/57350","targetHints":{"allow":["GET"]}}],"collection":[{"href":"https:\/\/lialea.com\/tr\/wp-json\/wp\/v2\/product"}],"about":[{"href":"https:\/\/lialea.com\/tr\/wp-json\/wp\/v2\/types\/product"}],"replies":[{"embeddable":true,"href":"https:\/\/lialea.com\/tr\/wp-json\/wp\/v2\/comments?post=57350"}],"wp:featuredmedia":[{"embeddable":true,"href":"https:\/\/lialea.com\/tr\/wp-json\/wp\/v2\/media\/57202"}],"wp:attachment":[{"href":"https:\/\/lialea.com\/tr\/wp-json\/wp\/v2\/media?parent=57350"}],"wp:term":[{"taxonomy":"product_brand","embeddable":true,"href":"https:\/\/lialea.com\/tr\/wp-json\/wp\/v2\/product_brand?post=57350"},{"taxonomy":"product_cat","embeddable":true,"href":"https:\/\/lialea.com\/tr\/wp-json\/wp\/v2\/product_cat?post=57350"},{"taxonomy":"product_tag","embeddable":true,"href":"https:\/\/lialea.com\/tr\/wp-json\/wp\/v2\/product_tag?post=57350"}],"curies":[{"name":"wp","href":"https:\/\/api.w.org\/{rel}","templated":true}]}}