{"id":57348,"date":"2026-04-02T14:15:21","date_gmt":"2026-04-02T11:15:21","guid":{"rendered":"https:\/\/lialea.com\/?post_type=product&#038;p=57348"},"modified":"2026-04-02T14:15:21","modified_gmt":"2026-04-02T11:15:21","slug":"pamuklu-katli-kiz-cocuk-etek","status":"publish","type":"product","link":"https:\/\/lialea.com\/tr\/urun\/pamuklu-katli-kiz-cocuk-etek\/","title":{"rendered":"PAMUKLU KATLI KIZ \u00c7OCUK ETEK"},"content":{"rendered":"<p>\u00dcR\u00dcN KODU : SK07468 : PAMUKLU KATLI KIZ \u00c7OCUK ETEK<\/p>\n","protected":false},"excerpt":{"rendered":"<p>\u00dcR\u00dcN KODU : SK07468 : PAMUKLU KATLI KIZ \u00c7OCUK ETEK<\/p>\n","protected":false},"featured_media":57252,"comment_status":"open","ping_status":"closed","template":"","meta":[],"product_brand":[],"product_cat":[154,161],"product_tag":[],"class_list":{"0":"post-57348","1":"product","2":"type-product","3":"status-publish","4":"has-post-thumbnail","6":"product_cat-etekler","7":"product_cat-yeni-sezon","10":"first","11":"instock","12":"shipping-taxable","13":"product-type-external"},"_links":{"self":[{"href":"https:\/\/lialea.com\/tr\/wp-json\/wp\/v2\/product\/57348","targetHints":{"allow":["GET"]}}],"collection":[{"href":"https:\/\/lialea.com\/tr\/wp-json\/wp\/v2\/product"}],"about":[{"href":"https:\/\/lialea.com\/tr\/wp-json\/wp\/v2\/types\/product"}],"replies":[{"embeddable":true,"href":"https:\/\/lialea.com\/tr\/wp-json\/wp\/v2\/comments?post=57348"}],"wp:featuredmedia":[{"embeddable":true,"href":"https:\/\/lialea.com\/tr\/wp-json\/wp\/v2\/media\/57252"}],"wp:attachment":[{"href":"https:\/\/lialea.com\/tr\/wp-json\/wp\/v2\/media?parent=57348"}],"wp:term":[{"taxonomy":"product_brand","embeddable":true,"href":"https:\/\/lialea.com\/tr\/wp-json\/wp\/v2\/product_brand?post=57348"},{"taxonomy":"product_cat","embeddable":true,"href":"https:\/\/lialea.com\/tr\/wp-json\/wp\/v2\/product_cat?post=57348"},{"taxonomy":"product_tag","embeddable":true,"href":"https:\/\/lialea.com\/tr\/wp-json\/wp\/v2\/product_tag?post=57348"}],"curies":[{"name":"wp","href":"https:\/\/api.w.org\/{rel}","templated":true}]}}