{"id":57345,"date":"2026-04-02T13:48:37","date_gmt":"2026-04-02T10:48:37","guid":{"rendered":"https:\/\/lialea.com\/?post_type=product&#038;p=57345"},"modified":"2026-04-02T13:48:37","modified_gmt":"2026-04-02T10:48:37","slug":"pile-detayli-kiz-cocuk-etek","status":"publish","type":"product","link":"https:\/\/lialea.com\/tr\/urun\/pile-detayli-kiz-cocuk-etek\/","title":{"rendered":"P\u0130LE DETAYLI KIZ \u00c7OCUK ETEK"},"content":{"rendered":"<p>\u00dcR\u00dcN KODU : SK07461 : P\u0130LE DETAYLI KIZ \u00c7OCUK ETEK<\/p>\n","protected":false},"excerpt":{"rendered":"<p>\u00dcR\u00dcN KODU : SK07461 : P\u0130LE DETAYLI KIZ \u00c7OCUK ETEK<\/p>\n","protected":false},"featured_media":57214,"comment_status":"open","ping_status":"closed","template":"","meta":[],"product_brand":[],"product_cat":[154,161],"product_tag":[],"class_list":{"0":"post-57345","1":"product","2":"type-product","3":"status-publish","4":"has-post-thumbnail","6":"product_cat-etekler","7":"product_cat-yeni-sezon","10":"first","11":"instock","12":"shipping-taxable","13":"product-type-external"},"_links":{"self":[{"href":"https:\/\/lialea.com\/tr\/wp-json\/wp\/v2\/product\/57345","targetHints":{"allow":["GET"]}}],"collection":[{"href":"https:\/\/lialea.com\/tr\/wp-json\/wp\/v2\/product"}],"about":[{"href":"https:\/\/lialea.com\/tr\/wp-json\/wp\/v2\/types\/product"}],"replies":[{"embeddable":true,"href":"https:\/\/lialea.com\/tr\/wp-json\/wp\/v2\/comments?post=57345"}],"wp:featuredmedia":[{"embeddable":true,"href":"https:\/\/lialea.com\/tr\/wp-json\/wp\/v2\/media\/57214"}],"wp:attachment":[{"href":"https:\/\/lialea.com\/tr\/wp-json\/wp\/v2\/media?parent=57345"}],"wp:term":[{"taxonomy":"product_brand","embeddable":true,"href":"https:\/\/lialea.com\/tr\/wp-json\/wp\/v2\/product_brand?post=57345"},{"taxonomy":"product_cat","embeddable":true,"href":"https:\/\/lialea.com\/tr\/wp-json\/wp\/v2\/product_cat?post=57345"},{"taxonomy":"product_tag","embeddable":true,"href":"https:\/\/lialea.com\/tr\/wp-json\/wp\/v2\/product_tag?post=57345"}],"curies":[{"name":"wp","href":"https:\/\/api.w.org\/{rel}","templated":true}]}}