{"id":57327,"date":"2026-04-02T10:26:57","date_gmt":"2026-04-02T07:26:57","guid":{"rendered":"https:\/\/lialea.com\/?post_type=product&#038;p=57327"},"modified":"2026-04-02T10:26:57","modified_gmt":"2026-04-02T07:26:57","slug":"mor-cicek-kiz-cocuk-sac-bandi","status":"publish","type":"product","link":"https:\/\/lialea.com\/tr\/urun\/mor-cicek-kiz-cocuk-sac-bandi\/","title":{"rendered":"MOR \u00c7\u0130\u00c7EK KIZ \u00c7OCUK SA\u00c7 BANDI"},"content":{"rendered":"<p>\u00dcR\u00dcN KODU : HB16290 : MOR \u00c7\u0130\u00c7EK KIZ \u00c7OCUK SA\u00c7 BANDI<\/p>\n","protected":false},"excerpt":{"rendered":"<p>\u00dcR\u00dcN KODU : HB16290 : MOR \u00c7\u0130\u00c7EK KIZ \u00c7OCUK SA\u00c7 BANDI<\/p>\n","protected":false},"featured_media":57328,"comment_status":"open","ping_status":"closed","template":"","meta":[],"product_brand":[],"product_cat":[158,161],"product_tag":[],"class_list":{"0":"post-57327","1":"product","2":"type-product","3":"status-publish","4":"has-post-thumbnail","6":"product_cat-sac-aksesuarlari","7":"product_cat-yeni-sezon","10":"first","11":"instock","12":"shipping-taxable","13":"product-type-external"},"_links":{"self":[{"href":"https:\/\/lialea.com\/tr\/wp-json\/wp\/v2\/product\/57327","targetHints":{"allow":["GET"]}}],"collection":[{"href":"https:\/\/lialea.com\/tr\/wp-json\/wp\/v2\/product"}],"about":[{"href":"https:\/\/lialea.com\/tr\/wp-json\/wp\/v2\/types\/product"}],"replies":[{"embeddable":true,"href":"https:\/\/lialea.com\/tr\/wp-json\/wp\/v2\/comments?post=57327"}],"wp:featuredmedia":[{"embeddable":true,"href":"https:\/\/lialea.com\/tr\/wp-json\/wp\/v2\/media\/57328"}],"wp:attachment":[{"href":"https:\/\/lialea.com\/tr\/wp-json\/wp\/v2\/media?parent=57327"}],"wp:term":[{"taxonomy":"product_brand","embeddable":true,"href":"https:\/\/lialea.com\/tr\/wp-json\/wp\/v2\/product_brand?post=57327"},{"taxonomy":"product_cat","embeddable":true,"href":"https:\/\/lialea.com\/tr\/wp-json\/wp\/v2\/product_cat?post=57327"},{"taxonomy":"product_tag","embeddable":true,"href":"https:\/\/lialea.com\/tr\/wp-json\/wp\/v2\/product_tag?post=57327"}],"curies":[{"name":"wp","href":"https:\/\/api.w.org\/{rel}","templated":true}]}}