{"id":57312,"date":"2026-04-02T09:42:10","date_gmt":"2026-04-02T06:42:10","guid":{"rendered":"https:\/\/lialea.com\/?post_type=product&#038;p=57312"},"modified":"2026-04-02T09:42:10","modified_gmt":"2026-04-02T06:42:10","slug":"siyah-beyaz-pamuk-bebek-elbisesi","status":"publish","type":"product","link":"https:\/\/lialea.com\/tr\/urun\/siyah-beyaz-pamuk-bebek-elbisesi\/","title":{"rendered":"S\u0130YAH BEYAZ PAMUK BEBEK ELB\u0130SES\u0130"},"content":{"rendered":"<p>\u00dcR\u00dcN KODU : DSB0311 : S\u0130YAH BEYAZ PAMUK BEBEK ELB\u0130SES\u0130<\/p>\n","protected":false},"excerpt":{"rendered":"<p>\u00dcR\u00dcN KODU : DSB0311 : S\u0130YAH BEYAZ PAMUK BEBEK ELB\u0130SES\u0130<\/p>\n","protected":false},"featured_media":57313,"comment_status":"open","ping_status":"closed","template":"","meta":[],"product_brand":[],"product_cat":[156,161],"product_tag":[],"class_list":{"0":"post-57312","1":"product","2":"type-product","3":"status-publish","4":"has-post-thumbnail","6":"product_cat-bebek-elbiseleri-1-3-yas","7":"product_cat-yeni-sezon","10":"first","11":"instock","12":"shipping-taxable","13":"product-type-external"},"_links":{"self":[{"href":"https:\/\/lialea.com\/tr\/wp-json\/wp\/v2\/product\/57312","targetHints":{"allow":["GET"]}}],"collection":[{"href":"https:\/\/lialea.com\/tr\/wp-json\/wp\/v2\/product"}],"about":[{"href":"https:\/\/lialea.com\/tr\/wp-json\/wp\/v2\/types\/product"}],"replies":[{"embeddable":true,"href":"https:\/\/lialea.com\/tr\/wp-json\/wp\/v2\/comments?post=57312"}],"wp:featuredmedia":[{"embeddable":true,"href":"https:\/\/lialea.com\/tr\/wp-json\/wp\/v2\/media\/57313"}],"wp:attachment":[{"href":"https:\/\/lialea.com\/tr\/wp-json\/wp\/v2\/media?parent=57312"}],"wp:term":[{"taxonomy":"product_brand","embeddable":true,"href":"https:\/\/lialea.com\/tr\/wp-json\/wp\/v2\/product_brand?post=57312"},{"taxonomy":"product_cat","embeddable":true,"href":"https:\/\/lialea.com\/tr\/wp-json\/wp\/v2\/product_cat?post=57312"},{"taxonomy":"product_tag","embeddable":true,"href":"https:\/\/lialea.com\/tr\/wp-json\/wp\/v2\/product_tag?post=57312"}],"curies":[{"name":"wp","href":"https:\/\/api.w.org\/{rel}","templated":true}]}}