{"id":57287,"date":"2026-03-31T13:18:22","date_gmt":"2026-03-31T10:18:22","guid":{"rendered":"https:\/\/lialea.com\/?post_type=product&#038;p=57287"},"modified":"2026-03-31T13:19:25","modified_gmt":"2026-03-31T10:19:25","slug":"tul-ve-fiyon-detayli-bebek-elbisesi","status":"publish","type":"product","link":"https:\/\/lialea.com\/tr\/urun\/tul-ve-fiyon-detayli-bebek-elbisesi\/","title":{"rendered":"T\u00dcL VE F\u0130YONK DETAYLI BEBEK ELB\u0130SES\u0130"},"content":{"rendered":"<p>\u00dcR\u00dcN KODU :DSB0310 : T\u00dcL VE F\u0130YON DETAYLI BEBEK ELB\u0130SES\u0130<\/p>\n","protected":false},"excerpt":{"rendered":"<p>\u00dcR\u00dcN KODU :DSB0310 : T\u00dcL VE F\u0130YON DETAYLI BEBEK ELB\u0130SES\u0130<\/p>\n","protected":false},"featured_media":57288,"comment_status":"open","ping_status":"closed","template":"","meta":[],"product_brand":[],"product_cat":[156,161],"product_tag":[],"class_list":{"0":"post-57287","1":"product","2":"type-product","3":"status-publish","4":"has-post-thumbnail","6":"product_cat-bebek-elbiseleri-1-3-yas","7":"product_cat-yeni-sezon","10":"first","11":"instock","12":"shipping-taxable","13":"product-type-external"},"_links":{"self":[{"href":"https:\/\/lialea.com\/tr\/wp-json\/wp\/v2\/product\/57287","targetHints":{"allow":["GET"]}}],"collection":[{"href":"https:\/\/lialea.com\/tr\/wp-json\/wp\/v2\/product"}],"about":[{"href":"https:\/\/lialea.com\/tr\/wp-json\/wp\/v2\/types\/product"}],"replies":[{"embeddable":true,"href":"https:\/\/lialea.com\/tr\/wp-json\/wp\/v2\/comments?post=57287"}],"wp:featuredmedia":[{"embeddable":true,"href":"https:\/\/lialea.com\/tr\/wp-json\/wp\/v2\/media\/57288"}],"wp:attachment":[{"href":"https:\/\/lialea.com\/tr\/wp-json\/wp\/v2\/media?parent=57287"}],"wp:term":[{"taxonomy":"product_brand","embeddable":true,"href":"https:\/\/lialea.com\/tr\/wp-json\/wp\/v2\/product_brand?post=57287"},{"taxonomy":"product_cat","embeddable":true,"href":"https:\/\/lialea.com\/tr\/wp-json\/wp\/v2\/product_cat?post=57287"},{"taxonomy":"product_tag","embeddable":true,"href":"https:\/\/lialea.com\/tr\/wp-json\/wp\/v2\/product_tag?post=57287"}],"curies":[{"name":"wp","href":"https:\/\/api.w.org\/{rel}","templated":true}]}}