{"id":57269,"date":"2026-03-30T01:43:44","date_gmt":"2026-03-29T22:43:44","guid":{"rendered":"https:\/\/lialea.com\/?post_type=product&#038;p=57269"},"modified":"2026-03-30T01:43:44","modified_gmt":"2026-03-29T22:43:44","slug":"beyaz-kot-kiz-cocuk-ceket","status":"publish","type":"product","link":"https:\/\/lialea.com\/tr\/urun\/beyaz-kot-kiz-cocuk-ceket\/","title":{"rendered":"BEYAZ KOT KIZ \u00c7OCUK CEKET"},"content":{"rendered":"<p>\u00dcR\u00dcN KODU : CT13079 : BEYAZ KOT KIZ \u00c7OCUK CEKET<\/p>\n","protected":false},"excerpt":{"rendered":"<p>\u00dcR\u00dcN KODU : CT13079 : BEYAZ KOT KIZ \u00c7OCUK CEKET<\/p>\n","protected":false},"featured_media":57270,"comment_status":"open","ping_status":"closed","template":"","meta":[],"product_brand":[],"product_cat":[160,161],"product_tag":[],"class_list":{"0":"post-57269","1":"product","2":"type-product","3":"status-publish","4":"has-post-thumbnail","6":"product_cat-ceketler","7":"product_cat-yeni-sezon","10":"first","11":"instock","12":"shipping-taxable","13":"product-type-external"},"_links":{"self":[{"href":"https:\/\/lialea.com\/tr\/wp-json\/wp\/v2\/product\/57269","targetHints":{"allow":["GET"]}}],"collection":[{"href":"https:\/\/lialea.com\/tr\/wp-json\/wp\/v2\/product"}],"about":[{"href":"https:\/\/lialea.com\/tr\/wp-json\/wp\/v2\/types\/product"}],"replies":[{"embeddable":true,"href":"https:\/\/lialea.com\/tr\/wp-json\/wp\/v2\/comments?post=57269"}],"wp:featuredmedia":[{"embeddable":true,"href":"https:\/\/lialea.com\/tr\/wp-json\/wp\/v2\/media\/57270"}],"wp:attachment":[{"href":"https:\/\/lialea.com\/tr\/wp-json\/wp\/v2\/media?parent=57269"}],"wp:term":[{"taxonomy":"product_brand","embeddable":true,"href":"https:\/\/lialea.com\/tr\/wp-json\/wp\/v2\/product_brand?post=57269"},{"taxonomy":"product_cat","embeddable":true,"href":"https:\/\/lialea.com\/tr\/wp-json\/wp\/v2\/product_cat?post=57269"},{"taxonomy":"product_tag","embeddable":true,"href":"https:\/\/lialea.com\/tr\/wp-json\/wp\/v2\/product_tag?post=57269"}],"curies":[{"name":"wp","href":"https:\/\/api.w.org\/{rel}","templated":true}]}}