{"id":57259,"date":"2026-03-30T01:07:24","date_gmt":"2026-03-29T22:07:24","guid":{"rendered":"https:\/\/lialea.com\/?post_type=product&#038;p=57259"},"modified":"2026-03-30T01:07:24","modified_gmt":"2026-03-29T22:07:24","slug":"file-detayli-kiz-cocuk-esofman-alti","status":"publish","type":"product","link":"https:\/\/lialea.com\/tr\/urun\/file-detayli-kiz-cocuk-esofman-alti\/","title":{"rendered":"F\u0130LE DETAYLI KIZ \u00c7OCUK E\u015eOFMAN ALTI"},"content":{"rendered":"<p>\u00dcR\u00dcN KODU : PT08243 : F\u0130LE DETAYLI KIZ \u00c7OCUK E\u015eOFMAN ALTI<\/p>\n","protected":false},"excerpt":{"rendered":"<p>\u00dcR\u00dcN KODU : PT08243 : F\u0130LE DETAYLI KIZ \u00c7OCUK E\u015eOFMAN ALTI<\/p>\n","protected":false},"featured_media":57260,"comment_status":"open","ping_status":"closed","template":"","meta":[],"product_brand":[],"product_cat":[153,161],"product_tag":[],"class_list":{"0":"post-57259","1":"product","2":"type-product","3":"status-publish","4":"has-post-thumbnail","6":"product_cat-pantolonlar","7":"product_cat-yeni-sezon","10":"first","11":"instock","12":"shipping-taxable","13":"product-type-external"},"_links":{"self":[{"href":"https:\/\/lialea.com\/tr\/wp-json\/wp\/v2\/product\/57259","targetHints":{"allow":["GET"]}}],"collection":[{"href":"https:\/\/lialea.com\/tr\/wp-json\/wp\/v2\/product"}],"about":[{"href":"https:\/\/lialea.com\/tr\/wp-json\/wp\/v2\/types\/product"}],"replies":[{"embeddable":true,"href":"https:\/\/lialea.com\/tr\/wp-json\/wp\/v2\/comments?post=57259"}],"wp:featuredmedia":[{"embeddable":true,"href":"https:\/\/lialea.com\/tr\/wp-json\/wp\/v2\/media\/57260"}],"wp:attachment":[{"href":"https:\/\/lialea.com\/tr\/wp-json\/wp\/v2\/media?parent=57259"}],"wp:term":[{"taxonomy":"product_brand","embeddable":true,"href":"https:\/\/lialea.com\/tr\/wp-json\/wp\/v2\/product_brand?post=57259"},{"taxonomy":"product_cat","embeddable":true,"href":"https:\/\/lialea.com\/tr\/wp-json\/wp\/v2\/product_cat?post=57259"},{"taxonomy":"product_tag","embeddable":true,"href":"https:\/\/lialea.com\/tr\/wp-json\/wp\/v2\/product_tag?post=57259"}],"curies":[{"name":"wp","href":"https:\/\/api.w.org\/{rel}","templated":true}]}}