{"id":57241,"date":"2026-03-29T23:47:07","date_gmt":"2026-03-29T20:47:07","guid":{"rendered":"https:\/\/lialea.com\/?post_type=product&#038;p=57241"},"modified":"2026-03-29T23:47:07","modified_gmt":"2026-03-29T20:47:07","slug":"kisa-kollu-kiz-cocuk-tshirt","status":"publish","type":"product","link":"https:\/\/lialea.com\/tr\/urun\/kisa-kollu-kiz-cocuk-tshirt\/","title":{"rendered":"KISA KOLLU KIZ \u00c7OCUK TSHIRT"},"content":{"rendered":"<p>\u00dcR\u00dcN KODU : BL03855 : KISA KOLLU KIZ \u00c7OCUK TSHIRT<\/p>\n","protected":false},"excerpt":{"rendered":"<p>\u00dcR\u00dcN KODU : BL03855 : KISA KOLLU KIZ \u00c7OCUK TSHIRT<\/p>\n","protected":false},"featured_media":57242,"comment_status":"open","ping_status":"closed","template":"","meta":[],"product_brand":[],"product_cat":[155,161],"product_tag":[],"class_list":{"0":"post-57241","1":"product","2":"type-product","3":"status-publish","4":"has-post-thumbnail","6":"product_cat-bluzlar","7":"product_cat-yeni-sezon","10":"first","11":"instock","12":"shipping-taxable","13":"product-type-external"},"_links":{"self":[{"href":"https:\/\/lialea.com\/tr\/wp-json\/wp\/v2\/product\/57241","targetHints":{"allow":["GET"]}}],"collection":[{"href":"https:\/\/lialea.com\/tr\/wp-json\/wp\/v2\/product"}],"about":[{"href":"https:\/\/lialea.com\/tr\/wp-json\/wp\/v2\/types\/product"}],"replies":[{"embeddable":true,"href":"https:\/\/lialea.com\/tr\/wp-json\/wp\/v2\/comments?post=57241"}],"wp:featuredmedia":[{"embeddable":true,"href":"https:\/\/lialea.com\/tr\/wp-json\/wp\/v2\/media\/57242"}],"wp:attachment":[{"href":"https:\/\/lialea.com\/tr\/wp-json\/wp\/v2\/media?parent=57241"}],"wp:term":[{"taxonomy":"product_brand","embeddable":true,"href":"https:\/\/lialea.com\/tr\/wp-json\/wp\/v2\/product_brand?post=57241"},{"taxonomy":"product_cat","embeddable":true,"href":"https:\/\/lialea.com\/tr\/wp-json\/wp\/v2\/product_cat?post=57241"},{"taxonomy":"product_tag","embeddable":true,"href":"https:\/\/lialea.com\/tr\/wp-json\/wp\/v2\/product_tag?post=57241"}],"curies":[{"name":"wp","href":"https:\/\/api.w.org\/{rel}","templated":true}]}}