{"id":57213,"date":"2026-03-29T14:54:00","date_gmt":"2026-03-29T11:54:00","guid":{"rendered":"https:\/\/lialea.com\/?post_type=product&#038;p=57213"},"modified":"2026-03-29T14:54:00","modified_gmt":"2026-03-29T11:54:00","slug":"tek-omuzlu-kiz-cocuk-bluz-2","status":"publish","type":"product","link":"https:\/\/lialea.com\/tr\/urun\/tek-omuzlu-kiz-cocuk-bluz-2\/","title":{"rendered":"TEK OMUZLU KIZ \u00c7OCUK BLUZ"},"content":{"rendered":"<p>\u00dcR\u00dcN KODU : BL03848 : TEK OMUZLU KIZ \u00c7OCUK BLUZ<\/p>\n","protected":false},"excerpt":{"rendered":"<p>\u00dcR\u00dcN KODU : BL03848 : TEK OMUZLU KIZ \u00c7OCUK BLUZ<\/p>\n","protected":false},"featured_media":57214,"comment_status":"open","ping_status":"closed","template":"","meta":[],"product_brand":[],"product_cat":[155,161],"product_tag":[],"class_list":{"0":"post-57213","1":"product","2":"type-product","3":"status-publish","4":"has-post-thumbnail","6":"product_cat-bluzlar","7":"product_cat-yeni-sezon","10":"first","11":"instock","12":"shipping-taxable","13":"product-type-external"},"_links":{"self":[{"href":"https:\/\/lialea.com\/tr\/wp-json\/wp\/v2\/product\/57213","targetHints":{"allow":["GET"]}}],"collection":[{"href":"https:\/\/lialea.com\/tr\/wp-json\/wp\/v2\/product"}],"about":[{"href":"https:\/\/lialea.com\/tr\/wp-json\/wp\/v2\/types\/product"}],"replies":[{"embeddable":true,"href":"https:\/\/lialea.com\/tr\/wp-json\/wp\/v2\/comments?post=57213"}],"wp:featuredmedia":[{"embeddable":true,"href":"https:\/\/lialea.com\/tr\/wp-json\/wp\/v2\/media\/57214"}],"wp:attachment":[{"href":"https:\/\/lialea.com\/tr\/wp-json\/wp\/v2\/media?parent=57213"}],"wp:term":[{"taxonomy":"product_brand","embeddable":true,"href":"https:\/\/lialea.com\/tr\/wp-json\/wp\/v2\/product_brand?post=57213"},{"taxonomy":"product_cat","embeddable":true,"href":"https:\/\/lialea.com\/tr\/wp-json\/wp\/v2\/product_cat?post=57213"},{"taxonomy":"product_tag","embeddable":true,"href":"https:\/\/lialea.com\/tr\/wp-json\/wp\/v2\/product_tag?post=57213"}],"curies":[{"name":"wp","href":"https:\/\/api.w.org\/{rel}","templated":true}]}}