{"id":57080,"date":"2026-03-04T10:19:13","date_gmt":"2026-03-04T07:19:13","guid":{"rendered":"https:\/\/lialea.com\/?post_type=product&#038;p=57080"},"modified":"2026-03-27T15:34:49","modified_gmt":"2026-03-27T12:34:49","slug":"ds02210","status":"publish","type":"product","link":"https:\/\/lialea.com\/tr\/urun\/ds02210\/","title":{"rendered":"KISA KOLLU KIZ \u00c7OCUK G\u00d6MLEK ELB\u0130SE"},"content":{"rendered":"<p>\u00dcR\u00dcN KODU : DS02210 : KISA KOLLU KIZ \u00c7OCUK G\u00d6MLEK ELB\u0130SE<\/p>\n","protected":false},"excerpt":{"rendered":"<p>\u00dcR\u00dcN KODU : DS02210 : KISA KOLLU KIZ \u00c7OCUK G\u00d6MLEK ELB\u0130SE<\/p>\n","protected":false},"featured_media":57081,"comment_status":"open","ping_status":"closed","template":"","meta":[],"product_brand":[],"product_cat":[152,161],"product_tag":[],"class_list":{"0":"post-57080","1":"product","2":"type-product","3":"status-publish","4":"has-post-thumbnail","6":"product_cat-elbiseler-4-12-yas","7":"product_cat-yeni-sezon","10":"first","11":"instock","12":"featured","13":"shipping-taxable","14":"product-type-external"},"_links":{"self":[{"href":"https:\/\/lialea.com\/tr\/wp-json\/wp\/v2\/product\/57080","targetHints":{"allow":["GET"]}}],"collection":[{"href":"https:\/\/lialea.com\/tr\/wp-json\/wp\/v2\/product"}],"about":[{"href":"https:\/\/lialea.com\/tr\/wp-json\/wp\/v2\/types\/product"}],"replies":[{"embeddable":true,"href":"https:\/\/lialea.com\/tr\/wp-json\/wp\/v2\/comments?post=57080"}],"wp:featuredmedia":[{"embeddable":true,"href":"https:\/\/lialea.com\/tr\/wp-json\/wp\/v2\/media\/57081"}],"wp:attachment":[{"href":"https:\/\/lialea.com\/tr\/wp-json\/wp\/v2\/media?parent=57080"}],"wp:term":[{"taxonomy":"product_brand","embeddable":true,"href":"https:\/\/lialea.com\/tr\/wp-json\/wp\/v2\/product_brand?post=57080"},{"taxonomy":"product_cat","embeddable":true,"href":"https:\/\/lialea.com\/tr\/wp-json\/wp\/v2\/product_cat?post=57080"},{"taxonomy":"product_tag","embeddable":true,"href":"https:\/\/lialea.com\/tr\/wp-json\/wp\/v2\/product_tag?post=57080"}],"curies":[{"name":"wp","href":"https:\/\/api.w.org\/{rel}","templated":true}]}}