{"id":57052,"date":"2026-03-04T10:03:35","date_gmt":"2026-03-04T07:03:35","guid":{"rendered":"https:\/\/lialea.com\/?post_type=product&#038;p=57052"},"modified":"2026-03-04T10:03:35","modified_gmt":"2026-03-04T07:03:35","slug":"kiz-cocuk-denim-elbise","status":"publish","type":"product","link":"https:\/\/lialea.com\/tr\/urun\/kiz-cocuk-denim-elbise\/","title":{"rendered":"K\u0131z \u00c7ocuk Denim Elbise"},"content":{"rendered":"<p>\u00dcR\u00dcN KODU : DS02240<\/p>\n","protected":false},"excerpt":{"rendered":"<p>\u00dcR\u00dcN KODU : DS02240<\/p>\n","protected":false},"featured_media":57054,"comment_status":"open","ping_status":"closed","template":"","meta":[],"product_brand":[],"product_cat":[152,161],"product_tag":[],"class_list":{"0":"post-57052","1":"product","2":"type-product","3":"status-publish","4":"has-post-thumbnail","6":"product_cat-elbiseler-4-12-yas","7":"product_cat-yeni-sezon","10":"first","11":"instock","12":"shipping-taxable","13":"product-type-simple"},"_links":{"self":[{"href":"https:\/\/lialea.com\/tr\/wp-json\/wp\/v2\/product\/57052","targetHints":{"allow":["GET"]}}],"collection":[{"href":"https:\/\/lialea.com\/tr\/wp-json\/wp\/v2\/product"}],"about":[{"href":"https:\/\/lialea.com\/tr\/wp-json\/wp\/v2\/types\/product"}],"replies":[{"embeddable":true,"href":"https:\/\/lialea.com\/tr\/wp-json\/wp\/v2\/comments?post=57052"}],"wp:featuredmedia":[{"embeddable":true,"href":"https:\/\/lialea.com\/tr\/wp-json\/wp\/v2\/media\/57054"}],"wp:attachment":[{"href":"https:\/\/lialea.com\/tr\/wp-json\/wp\/v2\/media?parent=57052"}],"wp:term":[{"taxonomy":"product_brand","embeddable":true,"href":"https:\/\/lialea.com\/tr\/wp-json\/wp\/v2\/product_brand?post=57052"},{"taxonomy":"product_cat","embeddable":true,"href":"https:\/\/lialea.com\/tr\/wp-json\/wp\/v2\/product_cat?post=57052"},{"taxonomy":"product_tag","embeddable":true,"href":"https:\/\/lialea.com\/tr\/wp-json\/wp\/v2\/product_tag?post=57052"}],"curies":[{"name":"wp","href":"https:\/\/api.w.org\/{rel}","templated":true}]}}