{"id":56751,"date":"2025-08-15T14:28:18","date_gmt":"2025-08-15T11:28:18","guid":{"rendered":"https:\/\/lialea.com\/?post_type=product&#038;p=56751"},"modified":"2026-03-27T15:26:02","modified_gmt":"2026-03-27T12:26:02","slug":"simli-orme-bebek-elbisesi","status":"publish","type":"product","link":"https:\/\/lialea.com\/tr\/urun\/simli-orme-bebek-elbisesi\/","title":{"rendered":"S\u0130ML\u0130 \u00d6RME BEBEK ELB\u0130SES\u0130"},"content":{"rendered":"<p>&nbsp;<\/p>\n<p><img decoding=\"async\" class=\"alignnone size-full wp-image-56892\" src=\"https:\/\/lialea.com\/wp-content\/uploads\/2025\/08\/bedenler-38.jpg\" alt=\"\" width=\"315\" height=\"143\" \/><\/p>\n<p>&nbsp;<\/p>\n<p>\u00dcR\u00dcN KODU : DSB0290<\/p>\n","protected":false},"excerpt":{"rendered":"<p>&nbsp; &nbsp; \u00dcR\u00dcN KODU : DSB0290<\/p>\n","protected":false},"featured_media":56752,"comment_status":"open","ping_status":"closed","template":"","meta":[],"product_brand":[],"product_cat":[156],"product_tag":[],"class_list":{"0":"post-56751","1":"product","2":"type-product","3":"status-publish","4":"has-post-thumbnail","6":"product_cat-bebek-elbiseleri-1-3-yas","9":"first","10":"instock","11":"shipping-taxable","12":"product-type-external"},"_links":{"self":[{"href":"https:\/\/lialea.com\/tr\/wp-json\/wp\/v2\/product\/56751","targetHints":{"allow":["GET"]}}],"collection":[{"href":"https:\/\/lialea.com\/tr\/wp-json\/wp\/v2\/product"}],"about":[{"href":"https:\/\/lialea.com\/tr\/wp-json\/wp\/v2\/types\/product"}],"replies":[{"embeddable":true,"href":"https:\/\/lialea.com\/tr\/wp-json\/wp\/v2\/comments?post=56751"}],"wp:featuredmedia":[{"embeddable":true,"href":"https:\/\/lialea.com\/tr\/wp-json\/wp\/v2\/media\/56752"}],"wp:attachment":[{"href":"https:\/\/lialea.com\/tr\/wp-json\/wp\/v2\/media?parent=56751"}],"wp:term":[{"taxonomy":"product_brand","embeddable":true,"href":"https:\/\/lialea.com\/tr\/wp-json\/wp\/v2\/product_brand?post=56751"},{"taxonomy":"product_cat","embeddable":true,"href":"https:\/\/lialea.com\/tr\/wp-json\/wp\/v2\/product_cat?post=56751"},{"taxonomy":"product_tag","embeddable":true,"href":"https:\/\/lialea.com\/tr\/wp-json\/wp\/v2\/product_tag?post=56751"}],"curies":[{"name":"wp","href":"https:\/\/api.w.org\/{rel}","templated":true}]}}