{"id":56654,"date":"2025-08-15T11:37:42","date_gmt":"2025-08-15T08:37:42","guid":{"rendered":"https:\/\/lialea.com\/?post_type=product&#038;p=56654"},"modified":"2026-03-27T15:50:28","modified_gmt":"2026-03-27T12:50:28","slug":"cift-desen-fermuarli-sweatshirt","status":"publish","type":"product","link":"https:\/\/lialea.com\/tr\/urun\/cift-desen-fermuarli-sweatshirt\/","title":{"rendered":"\u00c7\u0130FT DESEN FERMUARLI SWEATSHIRT"},"content":{"rendered":"<p>Model 144 cm boyundad\u0131r ve 9-10 ya\u015f beden giymektedir.<\/p>\n<p><img fetchpriority=\"high\" decoding=\"async\" class=\"alignnone size-full wp-image-56856\" src=\"https:\/\/lialea.com\/wp-content\/uploads\/2025\/08\/bedenler-5.jpg\" alt=\"\" width=\"484\" height=\"179\" \/><\/p>\n<p>&nbsp;<\/p>\n<p>\u00dcR\u00dcN KODU : CT13069<\/p>\n","protected":false},"excerpt":{"rendered":"<p>Model 144 cm boyundad\u0131r ve 9-10 ya\u015f beden giymektedir. &nbsp; \u00dcR\u00dcN KODU : CT13069<\/p>\n","protected":false},"featured_media":56655,"comment_status":"open","ping_status":"closed","template":"","meta":[],"product_brand":[],"product_cat":[160],"product_tag":[],"class_list":{"0":"post-56654","1":"product","2":"type-product","3":"status-publish","4":"has-post-thumbnail","6":"product_cat-ceketler","9":"first","10":"instock","11":"shipping-taxable","12":"product-type-external"},"_links":{"self":[{"href":"https:\/\/lialea.com\/tr\/wp-json\/wp\/v2\/product\/56654","targetHints":{"allow":["GET"]}}],"collection":[{"href":"https:\/\/lialea.com\/tr\/wp-json\/wp\/v2\/product"}],"about":[{"href":"https:\/\/lialea.com\/tr\/wp-json\/wp\/v2\/types\/product"}],"replies":[{"embeddable":true,"href":"https:\/\/lialea.com\/tr\/wp-json\/wp\/v2\/comments?post=56654"}],"wp:featuredmedia":[{"embeddable":true,"href":"https:\/\/lialea.com\/tr\/wp-json\/wp\/v2\/media\/56655"}],"wp:attachment":[{"href":"https:\/\/lialea.com\/tr\/wp-json\/wp\/v2\/media?parent=56654"}],"wp:term":[{"taxonomy":"product_brand","embeddable":true,"href":"https:\/\/lialea.com\/tr\/wp-json\/wp\/v2\/product_brand?post=56654"},{"taxonomy":"product_cat","embeddable":true,"href":"https:\/\/lialea.com\/tr\/wp-json\/wp\/v2\/product_cat?post=56654"},{"taxonomy":"product_tag","embeddable":true,"href":"https:\/\/lialea.com\/tr\/wp-json\/wp\/v2\/product_tag?post=56654"}],"curies":[{"name":"wp","href":"https:\/\/api.w.org\/{rel}","templated":true}]}}