{"id":56611,"date":"2025-08-15T10:50:37","date_gmt":"2025-08-15T07:50:37","guid":{"rendered":"https:\/\/lialea.com\/?post_type=product&#038;p=56611"},"modified":"2026-03-27T16:07:40","modified_gmt":"2026-03-27T13:07:40","slug":"3d-cicek-detayli-tshirt","status":"publish","type":"product","link":"https:\/\/lialea.com\/tr\/urun\/3d-cicek-detayli-tshirt\/","title":{"rendered":"3D \u00c7\u0130\u00c7EK DETAYLI TSHIRT"},"content":{"rendered":"<p>Model 144 cm boyundad\u0131r ve 9-10 ya\u015f beden giymektedir.<\/p>\n<p><img fetchpriority=\"high\" decoding=\"async\" class=\"alignnone size-full wp-image-56868\" src=\"https:\/\/lialea.com\/wp-content\/uploads\/2025\/08\/bedenler-17.jpg\" alt=\"\" width=\"483\" height=\"155\" \/><\/p>\n<p>\u00dcR\u00dcN KODU : BL03816<\/p>\n","protected":false},"excerpt":{"rendered":"<p>Model 144 cm boyundad\u0131r ve 9-10 ya\u015f beden giymektedir. \u00dcR\u00dcN KODU : BL03816<\/p>\n","protected":false},"featured_media":56618,"comment_status":"open","ping_status":"closed","template":"","meta":[],"product_brand":[],"product_cat":[155],"product_tag":[],"class_list":{"0":"post-56611","1":"product","2":"type-product","3":"status-publish","4":"has-post-thumbnail","6":"product_cat-bluzlar","9":"first","10":"instock","11":"shipping-taxable","12":"product-type-external"},"_links":{"self":[{"href":"https:\/\/lialea.com\/tr\/wp-json\/wp\/v2\/product\/56611","targetHints":{"allow":["GET"]}}],"collection":[{"href":"https:\/\/lialea.com\/tr\/wp-json\/wp\/v2\/product"}],"about":[{"href":"https:\/\/lialea.com\/tr\/wp-json\/wp\/v2\/types\/product"}],"replies":[{"embeddable":true,"href":"https:\/\/lialea.com\/tr\/wp-json\/wp\/v2\/comments?post=56611"}],"wp:featuredmedia":[{"embeddable":true,"href":"https:\/\/lialea.com\/tr\/wp-json\/wp\/v2\/media\/56618"}],"wp:attachment":[{"href":"https:\/\/lialea.com\/tr\/wp-json\/wp\/v2\/media?parent=56611"}],"wp:term":[{"taxonomy":"product_brand","embeddable":true,"href":"https:\/\/lialea.com\/tr\/wp-json\/wp\/v2\/product_brand?post=56611"},{"taxonomy":"product_cat","embeddable":true,"href":"https:\/\/lialea.com\/tr\/wp-json\/wp\/v2\/product_cat?post=56611"},{"taxonomy":"product_tag","embeddable":true,"href":"https:\/\/lialea.com\/tr\/wp-json\/wp\/v2\/product_tag?post=56611"}],"curies":[{"name":"wp","href":"https:\/\/api.w.org\/{rel}","templated":true}]}}