{"id":55755,"date":"2025-02-07T15:58:50","date_gmt":"2025-02-07T12:58:50","guid":{"rendered":"https:\/\/lialea.com\/?post_type=product&#038;p=55755"},"modified":"2026-03-27T16:08:53","modified_gmt":"2026-03-27T13:08:53","slug":"bej-ruya-etek","status":"publish","type":"product","link":"https:\/\/lialea.com\/tr\/urun\/bej-ruya-etek\/","title":{"rendered":"BEJ R\u00dcYA ETEK"},"content":{"rendered":"<p>Makinada Y\u0131kama, Hassas, So\u011fuk.<\/p>\n<p>A\u011fartma Yap\u0131lmaz \u00dct\u00fc , D\u00fc\u015f\u00fck S\u0131cakl\u0131k<\/p>\n<p>Kuru temizleme, Yaln\u0131zca Petrol Bazl\u0131 \u00c7\u00f6z\u00fcc\u00fcler<\/p>\n<p>Makinada Kurutulmaz<\/p>\n<p>Benzer renkli \u00fcr\u00fcnlerle birlikte y\u0131kay\u0131n\u0131z.<\/p>\n<p>%100PAMUK \u0130K\u0130NC\u0130L KUMA\u015e %99 POLYESTER %1 ELASTAN<\/p>\n<p>\u00dcr\u00fcn Kodu :\u00a0 SK07444<\/p>\n","protected":false},"excerpt":{"rendered":"<p>Pamuk poplin kuma\u015ftan tasarlanm\u0131\u015ft\u0131r. Kat ve biye detaylar\u0131 vard\u0131r, beli lastiklidir<\/p>\n<p>\u00dcr\u00fcn Kodu :\u00a0 SK07444<\/p>\n","protected":false},"featured_media":55756,"comment_status":"open","ping_status":"closed","template":"","meta":[],"product_brand":[],"product_cat":[154],"product_tag":[],"class_list":{"0":"post-55755","1":"product","2":"type-product","3":"status-publish","4":"has-post-thumbnail","6":"product_cat-etekler","9":"first","10":"instock","11":"sale","12":"shipping-taxable","13":"product-type-external"},"_links":{"self":[{"href":"https:\/\/lialea.com\/tr\/wp-json\/wp\/v2\/product\/55755","targetHints":{"allow":["GET"]}}],"collection":[{"href":"https:\/\/lialea.com\/tr\/wp-json\/wp\/v2\/product"}],"about":[{"href":"https:\/\/lialea.com\/tr\/wp-json\/wp\/v2\/types\/product"}],"replies":[{"embeddable":true,"href":"https:\/\/lialea.com\/tr\/wp-json\/wp\/v2\/comments?post=55755"}],"wp:featuredmedia":[{"embeddable":true,"href":"https:\/\/lialea.com\/tr\/wp-json\/wp\/v2\/media\/55756"}],"wp:attachment":[{"href":"https:\/\/lialea.com\/tr\/wp-json\/wp\/v2\/media?parent=55755"}],"wp:term":[{"taxonomy":"product_brand","embeddable":true,"href":"https:\/\/lialea.com\/tr\/wp-json\/wp\/v2\/product_brand?post=55755"},{"taxonomy":"product_cat","embeddable":true,"href":"https:\/\/lialea.com\/tr\/wp-json\/wp\/v2\/product_cat?post=55755"},{"taxonomy":"product_tag","embeddable":true,"href":"https:\/\/lialea.com\/tr\/wp-json\/wp\/v2\/product_tag?post=55755"}],"curies":[{"name":"wp","href":"https:\/\/api.w.org\/{rel}","templated":true}]}}