{"id":55735,"date":"2025-02-07T15:52:39","date_gmt":"2025-02-07T12:52:39","guid":{"rendered":"https:\/\/lialea.com\/?post_type=product&#038;p=55735"},"modified":"2026-03-27T16:10:41","modified_gmt":"2026-03-27T13:10:41","slug":"turuncu-poplin-sort","status":"publish","type":"product","link":"https:\/\/lialea.com\/tr\/urun\/turuncu-poplin-sort\/","title":{"rendered":"TURUNCU POPL\u0130N \u015eORT"},"content":{"rendered":"<p>Makinada Y\u0131kama, Hassas, So\u011fuk.<\/p>\n<p>A\u011fartma Yap\u0131lmaz<\/p>\n<p>\u00dct\u00fc , D\u00fc\u015f\u00fck S\u0131cakl\u0131k<\/p>\n<p>Kuru temizleme, Yaln\u0131zca Petrol Bazl\u0131 \u00c7\u00f6z\u00fcc\u00fcler<\/p>\n<p>Makinada Kurutulmaz<\/p>\n<p>Benzer renkli \u00fcr\u00fcnlerle birlikte y\u0131kay\u0131n\u0131z.<\/p>\n<p>%100 PAMUK ASTAR %100PAMUK<\/p>\n","protected":false},"excerpt":{"rendered":"<p>Turuncu poplin, pileli, k\u0131z \u00e7ocuk \u015fort.<\/p>\n<p>\u00dcr\u00fcn Kodu :\u00a0 SH09119<\/p>\n","protected":false},"featured_media":55737,"comment_status":"open","ping_status":"closed","template":"","meta":[],"product_brand":[],"product_cat":[159],"product_tag":[],"class_list":{"0":"post-55735","1":"product","2":"type-product","3":"status-publish","4":"has-post-thumbnail","6":"product_cat-sortlar","9":"first","10":"instock","11":"sale","12":"shipping-taxable","13":"product-type-external"},"_links":{"self":[{"href":"https:\/\/lialea.com\/tr\/wp-json\/wp\/v2\/product\/55735","targetHints":{"allow":["GET"]}}],"collection":[{"href":"https:\/\/lialea.com\/tr\/wp-json\/wp\/v2\/product"}],"about":[{"href":"https:\/\/lialea.com\/tr\/wp-json\/wp\/v2\/types\/product"}],"replies":[{"embeddable":true,"href":"https:\/\/lialea.com\/tr\/wp-json\/wp\/v2\/comments?post=55735"}],"wp:featuredmedia":[{"embeddable":true,"href":"https:\/\/lialea.com\/tr\/wp-json\/wp\/v2\/media\/55737"}],"wp:attachment":[{"href":"https:\/\/lialea.com\/tr\/wp-json\/wp\/v2\/media?parent=55735"}],"wp:term":[{"taxonomy":"product_brand","embeddable":true,"href":"https:\/\/lialea.com\/tr\/wp-json\/wp\/v2\/product_brand?post=55735"},{"taxonomy":"product_cat","embeddable":true,"href":"https:\/\/lialea.com\/tr\/wp-json\/wp\/v2\/product_cat?post=55735"},{"taxonomy":"product_tag","embeddable":true,"href":"https:\/\/lialea.com\/tr\/wp-json\/wp\/v2\/product_tag?post=55735"}],"curies":[{"name":"wp","href":"https:\/\/api.w.org\/{rel}","templated":true}]}}