{"id":55694,"date":"2025-02-07T15:39:56","date_gmt":"2025-02-07T12:39:56","guid":{"rendered":"https:\/\/lialea.com\/?post_type=product&#038;p=55694"},"modified":"2025-08-15T17:16:16","modified_gmt":"2025-08-15T14:16:16","slug":"beyaz-gul-kiz-cocuk-sac-taci","status":"publish","type":"product","link":"https:\/\/lialea.com\/tr\/urun\/beyaz-gul-kiz-cocuk-sac-taci\/","title":{"rendered":"BEYAZ G\u00dcL KIZ \u00c7OCUK SA\u00c7 TACI"},"content":{"rendered":"<p>100% POLYESTER<\/p>\n","protected":false},"excerpt":{"rendered":"<p>Beyaz saten g\u00fcl detayl\u0131 k\u0131z \u00e7ocuk sa\u00e7 tac\u0131.<\/p>\n","protected":false},"featured_media":55695,"comment_status":"open","ping_status":"closed","template":"","meta":[],"product_brand":[],"product_cat":[158,161],"product_tag":[],"class_list":{"0":"post-55694","1":"product","2":"type-product","3":"status-publish","4":"has-post-thumbnail","6":"product_cat-sac-aksesuarlari","7":"product_cat-yeni-sezon","10":"first","11":"instock","12":"shipping-taxable","13":"product-type-external"},"_links":{"self":[{"href":"https:\/\/lialea.com\/tr\/wp-json\/wp\/v2\/product\/55694","targetHints":{"allow":["GET"]}}],"collection":[{"href":"https:\/\/lialea.com\/tr\/wp-json\/wp\/v2\/product"}],"about":[{"href":"https:\/\/lialea.com\/tr\/wp-json\/wp\/v2\/types\/product"}],"replies":[{"embeddable":true,"href":"https:\/\/lialea.com\/tr\/wp-json\/wp\/v2\/comments?post=55694"}],"wp:featuredmedia":[{"embeddable":true,"href":"https:\/\/lialea.com\/tr\/wp-json\/wp\/v2\/media\/55695"}],"wp:attachment":[{"href":"https:\/\/lialea.com\/tr\/wp-json\/wp\/v2\/media?parent=55694"}],"wp:term":[{"taxonomy":"product_brand","embeddable":true,"href":"https:\/\/lialea.com\/tr\/wp-json\/wp\/v2\/product_brand?post=55694"},{"taxonomy":"product_cat","embeddable":true,"href":"https:\/\/lialea.com\/tr\/wp-json\/wp\/v2\/product_cat?post=55694"},{"taxonomy":"product_tag","embeddable":true,"href":"https:\/\/lialea.com\/tr\/wp-json\/wp\/v2\/product_tag?post=55694"}],"curies":[{"name":"wp","href":"https:\/\/api.w.org\/{rel}","templated":true}]}}