{"id":55689,"date":"2025-02-07T15:38:34","date_gmt":"2025-02-07T12:38:34","guid":{"rendered":"https:\/\/lialea.com\/?post_type=product&#038;p=55689"},"modified":"2025-08-15T17:16:27","modified_gmt":"2025-08-15T14:16:27","slug":"pembe-cicekli-kiz-cocuk-sac-taci","status":"publish","type":"product","link":"https:\/\/lialea.com\/tr\/urun\/pembe-cicekli-kiz-cocuk-sac-taci\/","title":{"rendered":"PEMBE \u00c7\u0130\u00c7EKL\u0130 KIZ \u00c7OCUK SA\u00c7 TACI"},"content":{"rendered":"<p>%84 V\u0130SKON %16NAYLON ASTAR %100PAMUK<\/p>\n","protected":false},"excerpt":{"rendered":"<p>Pembe fiyonk detayl\u0131 k\u0131z \u00e7ocuk sa\u00e7 tac\u0131<\/p>\n","protected":false},"featured_media":56569,"comment_status":"open","ping_status":"closed","template":"","meta":[],"product_brand":[],"product_cat":[158,161],"product_tag":[],"class_list":{"0":"post-55689","1":"product","2":"type-product","3":"status-publish","4":"has-post-thumbnail","6":"product_cat-sac-aksesuarlari","7":"product_cat-yeni-sezon","10":"first","11":"instock","12":"shipping-taxable","13":"product-type-external"},"_links":{"self":[{"href":"https:\/\/lialea.com\/tr\/wp-json\/wp\/v2\/product\/55689","targetHints":{"allow":["GET"]}}],"collection":[{"href":"https:\/\/lialea.com\/tr\/wp-json\/wp\/v2\/product"}],"about":[{"href":"https:\/\/lialea.com\/tr\/wp-json\/wp\/v2\/types\/product"}],"replies":[{"embeddable":true,"href":"https:\/\/lialea.com\/tr\/wp-json\/wp\/v2\/comments?post=55689"}],"wp:featuredmedia":[{"embeddable":true,"href":"https:\/\/lialea.com\/tr\/wp-json\/wp\/v2\/media\/56569"}],"wp:attachment":[{"href":"https:\/\/lialea.com\/tr\/wp-json\/wp\/v2\/media?parent=55689"}],"wp:term":[{"taxonomy":"product_brand","embeddable":true,"href":"https:\/\/lialea.com\/tr\/wp-json\/wp\/v2\/product_brand?post=55689"},{"taxonomy":"product_cat","embeddable":true,"href":"https:\/\/lialea.com\/tr\/wp-json\/wp\/v2\/product_cat?post=55689"},{"taxonomy":"product_tag","embeddable":true,"href":"https:\/\/lialea.com\/tr\/wp-json\/wp\/v2\/product_tag?post=55689"}],"curies":[{"name":"wp","href":"https:\/\/api.w.org\/{rel}","templated":true}]}}