{"id":55680,"date":"2025-02-07T15:33:38","date_gmt":"2025-02-07T12:33:38","guid":{"rendered":"https:\/\/lialea.com\/?post_type=product&#038;p=55680"},"modified":"2025-08-15T17:16:44","modified_gmt":"2025-08-15T14:16:44","slug":"firfir-tafta-bebek-elbisesi-2","status":"publish","type":"product","link":"https:\/\/lialea.com\/tr\/urun\/firfir-tafta-bebek-elbisesi-2\/","title":{"rendered":"FIRFIR TAFTA BEBEK ELB\u0130SES\u0130"},"content":{"rendered":"<p>Yaln\u0131zca Kuru Temizleme<\/p>\n<p>A\u011fartma Yap\u0131lmaz<\/p>\n<p>\u00dct\u00fc Yap\u0131lamaz Yaln\u0131zca Petrol Bazl\u0131 \u00c7\u00f6z\u00fcc\u00fcler,<\/p>\n<p>Makinada Kurutulmaz<\/p>\n<p>%100 POLYESTER ASTAR %100PAMUK<\/p>\n","protected":false},"excerpt":{"rendered":"<p>Beyaz tafta kuma\u015ftan dikilmi\u015f bu k\u0131z bebek elbisesi kabar\u0131k ete\u011fi, rengi ve g\u00f6\u011f\u00fcs k\u0131sm\u0131ndaki f\u0131rf\u0131rlar\u0131 ie dikkat \u00e7ekiyor.<\/p>\n","protected":false},"featured_media":55681,"comment_status":"open","ping_status":"closed","template":"","meta":[],"product_brand":[],"product_cat":[156,161],"product_tag":[],"class_list":{"0":"post-55680","1":"product","2":"type-product","3":"status-publish","4":"has-post-thumbnail","6":"product_cat-bebek-elbiseleri-1-3-yas","7":"product_cat-yeni-sezon","10":"first","11":"instock","12":"shipping-taxable","13":"product-type-external"},"_links":{"self":[{"href":"https:\/\/lialea.com\/tr\/wp-json\/wp\/v2\/product\/55680","targetHints":{"allow":["GET"]}}],"collection":[{"href":"https:\/\/lialea.com\/tr\/wp-json\/wp\/v2\/product"}],"about":[{"href":"https:\/\/lialea.com\/tr\/wp-json\/wp\/v2\/types\/product"}],"replies":[{"embeddable":true,"href":"https:\/\/lialea.com\/tr\/wp-json\/wp\/v2\/comments?post=55680"}],"wp:featuredmedia":[{"embeddable":true,"href":"https:\/\/lialea.com\/tr\/wp-json\/wp\/v2\/media\/55681"}],"wp:attachment":[{"href":"https:\/\/lialea.com\/tr\/wp-json\/wp\/v2\/media?parent=55680"}],"wp:term":[{"taxonomy":"product_brand","embeddable":true,"href":"https:\/\/lialea.com\/tr\/wp-json\/wp\/v2\/product_brand?post=55680"},{"taxonomy":"product_cat","embeddable":true,"href":"https:\/\/lialea.com\/tr\/wp-json\/wp\/v2\/product_cat?post=55680"},{"taxonomy":"product_tag","embeddable":true,"href":"https:\/\/lialea.com\/tr\/wp-json\/wp\/v2\/product_tag?post=55680"}],"curies":[{"name":"wp","href":"https:\/\/api.w.org\/{rel}","templated":true}]}}