{"id":55670,"date":"2025-02-07T15:25:36","date_gmt":"2025-02-07T12:25:36","guid":{"rendered":"https:\/\/lialea.com\/?post_type=product&#038;p=55670"},"modified":"2025-08-15T17:17:02","modified_gmt":"2025-08-15T14:17:02","slug":"bahar-ruyasi-bebek-elbisesi","status":"publish","type":"product","link":"https:\/\/lialea.com\/tr\/urun\/bahar-ruyasi-bebek-elbisesi\/","title":{"rendered":"BAHAR R\u00dcYASI BEBEK ELB\u0130SES\u0130"},"content":{"rendered":"<p>Makinada Y\u0131kama, Hassas, So\u011fuk.<\/p>\n<p>A\u011fartma Yap\u0131lmaz<\/p>\n<p>\u00dct\u00fc , D\u00fc\u015f\u00fck S\u0131cakl\u0131k<\/p>\n<p>Kuru temizleme, Yaln\u0131zca Petrol Bazl\u0131 \u00c7\u00f6z\u00fcc\u00fcler<\/p>\n<p>Makinada Kurutulmaz Benzer renkli \u00fcr\u00fcnlerle birlikte y\u0131kay\u0131n\u0131z.<\/p>\n<p>%84 V\u0130SKON %16NAYLON ASTAR %100PAMUK<\/p>\n","protected":false},"excerpt":{"rendered":"<p>K\u00fc\u00e7\u00fck \u00e7i\u00e7ek desenli kuma\u015ftan tasarkanm\u0131\u015ft\u0131r. Omuzlar\u0131nda f\u0131rf\u0131r deta\u0131 vard\u0131r, ensesinde de d\u00fc\u011fme biye detay\u0131 vard\u0131r.<\/p>\n","protected":false},"featured_media":55671,"comment_status":"open","ping_status":"closed","template":"","meta":[],"product_brand":[],"product_cat":[156,161],"product_tag":[],"class_list":{"0":"post-55670","1":"product","2":"type-product","3":"status-publish","4":"has-post-thumbnail","6":"product_cat-bebek-elbiseleri-1-3-yas","7":"product_cat-yeni-sezon","10":"first","11":"instock","12":"shipping-taxable","13":"product-type-external"},"_links":{"self":[{"href":"https:\/\/lialea.com\/tr\/wp-json\/wp\/v2\/product\/55670","targetHints":{"allow":["GET"]}}],"collection":[{"href":"https:\/\/lialea.com\/tr\/wp-json\/wp\/v2\/product"}],"about":[{"href":"https:\/\/lialea.com\/tr\/wp-json\/wp\/v2\/types\/product"}],"replies":[{"embeddable":true,"href":"https:\/\/lialea.com\/tr\/wp-json\/wp\/v2\/comments?post=55670"}],"wp:featuredmedia":[{"embeddable":true,"href":"https:\/\/lialea.com\/tr\/wp-json\/wp\/v2\/media\/55671"}],"wp:attachment":[{"href":"https:\/\/lialea.com\/tr\/wp-json\/wp\/v2\/media?parent=55670"}],"wp:term":[{"taxonomy":"product_brand","embeddable":true,"href":"https:\/\/lialea.com\/tr\/wp-json\/wp\/v2\/product_brand?post=55670"},{"taxonomy":"product_cat","embeddable":true,"href":"https:\/\/lialea.com\/tr\/wp-json\/wp\/v2\/product_cat?post=55670"},{"taxonomy":"product_tag","embeddable":true,"href":"https:\/\/lialea.com\/tr\/wp-json\/wp\/v2\/product_tag?post=55670"}],"curies":[{"name":"wp","href":"https:\/\/api.w.org\/{rel}","templated":true}]}}