{"id":55595,"date":"2025-02-07T14:58:39","date_gmt":"2025-02-07T11:58:39","guid":{"rendered":"https:\/\/lialea.com\/?post_type=product&#038;p=55595"},"modified":"2025-09-24T11:50:29","modified_gmt":"2025-09-24T08:50:29","slug":"pembe-jakar-cicek-elbise","status":"publish","type":"product","link":"https:\/\/lialea.com\/tr\/urun\/pembe-jakar-cicek-elbise\/","title":{"rendered":"PEMBE JAKAR \u00c7\u0130\u00c7EK ELB\u0130SE"},"content":{"rendered":"<p>Yaln\u0131zca Kuru Temizleme<\/p>\n<p>A\u011fartma Yap\u0131lmaz<\/p>\n<p>\u00dct\u00fc Yap\u0131lamaz<\/p>\n<p>Yaln\u0131zca Petrol Bazl\u0131 \u00c7\u00f6z\u00fcc\u00fcler,<\/p>\n<p>Makinada Kurutulmaz<\/p>\n<p>%100 POLYESTER ASTAR %100PAMUK<\/p>\n<p>&nbsp;<\/p>\n<p>\u00dcr\u00fcn Kodu :\u00a0 DS02156<\/p>\n<p>&nbsp;<\/p>\n","protected":false},"excerpt":{"rendered":"<p>Jakar kuma\u015ftan taarlanm\u0131\u015f,i kabar\u0131k etekli k\u0131z \u00e7ocuk \u00f6zel g\u00fcn elbisesi. Arkadan fermuarld\u0131r\u0131 ve bel k\u0131sm\u0131n \u00e7i\u00e7ek \u015feklinde bir aksesuar\u0131 vard\u0131r. %100 pamuk astarl\u0131d\u0131r.<\/p>\n","protected":false},"featured_media":55596,"comment_status":"open","ping_status":"closed","template":"","meta":[],"product_brand":[],"product_cat":[152,162,161],"product_tag":[],"class_list":{"0":"post-55595","1":"product","2":"type-product","3":"status-publish","4":"has-post-thumbnail","6":"product_cat-elbiseler-4-12-yas","7":"product_cat-ozel-fiyatlar","8":"product_cat-yeni-sezon","11":"first","12":"instock","13":"sale","14":"shipping-taxable","15":"product-type-external"},"_links":{"self":[{"href":"https:\/\/lialea.com\/tr\/wp-json\/wp\/v2\/product\/55595","targetHints":{"allow":["GET"]}}],"collection":[{"href":"https:\/\/lialea.com\/tr\/wp-json\/wp\/v2\/product"}],"about":[{"href":"https:\/\/lialea.com\/tr\/wp-json\/wp\/v2\/types\/product"}],"replies":[{"embeddable":true,"href":"https:\/\/lialea.com\/tr\/wp-json\/wp\/v2\/comments?post=55595"}],"wp:featuredmedia":[{"embeddable":true,"href":"https:\/\/lialea.com\/tr\/wp-json\/wp\/v2\/media\/55596"}],"wp:attachment":[{"href":"https:\/\/lialea.com\/tr\/wp-json\/wp\/v2\/media?parent=55595"}],"wp:term":[{"taxonomy":"product_brand","embeddable":true,"href":"https:\/\/lialea.com\/tr\/wp-json\/wp\/v2\/product_brand?post=55595"},{"taxonomy":"product_cat","embeddable":true,"href":"https:\/\/lialea.com\/tr\/wp-json\/wp\/v2\/product_cat?post=55595"},{"taxonomy":"product_tag","embeddable":true,"href":"https:\/\/lialea.com\/tr\/wp-json\/wp\/v2\/product_tag?post=55595"}],"curies":[{"name":"wp","href":"https:\/\/api.w.org\/{rel}","templated":true}]}}