{"id":55588,"date":"2025-03-07T15:37:14","date_gmt":"2025-03-07T12:37:14","guid":{"rendered":"https:\/\/lialea.com\/?post_type=product&#038;p=55588"},"modified":"2026-03-27T16:08:18","modified_gmt":"2026-03-27T13:08:18","slug":"renkli-bahar-elbise","status":"publish","type":"product","link":"https:\/\/lialea.com\/tr\/urun\/renkli-bahar-elbise\/","title":{"rendered":"RENKL\u0130 BAHAR ELB\u0130SE"},"content":{"rendered":"<p>Makinada Y\u0131kama, Hassas, So\u011fuk.<\/p>\n<p>A\u011fartma Yap\u0131lmaz \u00dct\u00fc ,<\/p>\n<p>D\u00fc\u015f\u00fck S\u0131cakl\u0131k Kuru temizleme,<\/p>\n<p>Yaln\u0131zca Petrol Bazl\u0131 \u00c7\u00f6z\u00fcc\u00fcler<\/p>\n<p>Makinada Kurutulmaz<\/p>\n<p>Benzer renkli \u00fcr\u00fcnlerle birlikte y\u0131kay\u0131n\u0131z.<\/p>\n<p>% 84 V\u0130SKON %16 NAYLON \u0130K\u0130NC\u0130L KUMA\u015e %84 V\u0130SKON%16 NAYLON ASTAR%100PAMUK<\/p>\n<p>&nbsp;<\/p>\n<p>\u00dcr\u00fcn Kodu :\u00a0 DS02155<\/p>\n","protected":false},"excerpt":{"rendered":"<p>K\u00fc\u00e7\u00fck \u00e7i\u00e7ek desenli kollar\u0131 f\u0131rf\u0131r detayl\u0131 k\u0131z \u00e7ocuk elbisesi.<\/p>\n","protected":false},"featured_media":55589,"comment_status":"open","ping_status":"closed","template":"","meta":[],"product_brand":[],"product_cat":[152],"product_tag":[],"class_list":{"0":"post-55588","1":"product","2":"type-product","3":"status-publish","4":"has-post-thumbnail","6":"product_cat-elbiseler-4-12-yas","9":"first","10":"instock","11":"sale","12":"shipping-taxable","13":"product-type-external"},"_links":{"self":[{"href":"https:\/\/lialea.com\/tr\/wp-json\/wp\/v2\/product\/55588","targetHints":{"allow":["GET"]}}],"collection":[{"href":"https:\/\/lialea.com\/tr\/wp-json\/wp\/v2\/product"}],"about":[{"href":"https:\/\/lialea.com\/tr\/wp-json\/wp\/v2\/types\/product"}],"replies":[{"embeddable":true,"href":"https:\/\/lialea.com\/tr\/wp-json\/wp\/v2\/comments?post=55588"}],"wp:featuredmedia":[{"embeddable":true,"href":"https:\/\/lialea.com\/tr\/wp-json\/wp\/v2\/media\/55589"}],"wp:attachment":[{"href":"https:\/\/lialea.com\/tr\/wp-json\/wp\/v2\/media?parent=55588"}],"wp:term":[{"taxonomy":"product_brand","embeddable":true,"href":"https:\/\/lialea.com\/tr\/wp-json\/wp\/v2\/product_brand?post=55588"},{"taxonomy":"product_cat","embeddable":true,"href":"https:\/\/lialea.com\/tr\/wp-json\/wp\/v2\/product_cat?post=55588"},{"taxonomy":"product_tag","embeddable":true,"href":"https:\/\/lialea.com\/tr\/wp-json\/wp\/v2\/product_tag?post=55588"}],"curies":[{"name":"wp","href":"https:\/\/api.w.org\/{rel}","templated":true}]}}