{"id":55582,"date":"2025-02-07T14:53:28","date_gmt":"2025-02-07T11:53:28","guid":{"rendered":"https:\/\/lialea.com\/?post_type=product&#038;p=55582"},"modified":"2025-09-24T11:50:52","modified_gmt":"2025-09-24T08:50:52","slug":"lavanta-buzgu-elbise","status":"publish","type":"product","link":"https:\/\/lialea.com\/tr\/urun\/lavanta-buzgu-elbise\/","title":{"rendered":"LAVANTA B\u00dcZG\u00dc ELB\u0130SE"},"content":{"rendered":"<p>Makinada Y\u0131kama, Hassas, So\u011fuk.<\/p>\n<p>A\u011fartma Yap\u0131lmaz<\/p>\n<p>\u00dct\u00fc yap\u0131lamaz<\/p>\n<p>Kuru temizleme, Yaln\u0131zca Petrol Bazl\u0131 \u00c7\u00f6z\u00fcc\u00fcler Mankinada Kurutulmaz<\/p>\n<p>Benzer renkli \u00fcr\u00fcnlerle birlikte y\u0131kay\u0131n\u0131z.<\/p>\n<p>%65 L\u0130YOSEL %15 NAYLON %14PAMUK %5KETEN %1ELASTAN \u0130K\u0130NC\u0130L KUMA\u015e % 100 PAMUK<\/p>\n","protected":false},"excerpt":{"rendered":"<p>G\u00f6\u011fs\u00fc b\u00fczg\u00fc detayl\u0131 kolsuz k\u0131z \u00e7ocuk elbisesi. Kuma\u015f\u0131 \u00f6zel dokunu\u015fludur bu da elbiseye farkl\u0131 bir g\u00f6r\u00fcnt\u00fc vermektedir.<\/p>\n","protected":false},"featured_media":55583,"comment_status":"open","ping_status":"closed","template":"","meta":[],"product_brand":[],"product_cat":[152,162,161],"product_tag":[],"class_list":{"0":"post-55582","1":"product","2":"type-product","3":"status-publish","4":"has-post-thumbnail","6":"product_cat-elbiseler-4-12-yas","7":"product_cat-ozel-fiyatlar","8":"product_cat-yeni-sezon","11":"first","12":"instock","13":"sale","14":"shipping-taxable","15":"product-type-external"},"_links":{"self":[{"href":"https:\/\/lialea.com\/tr\/wp-json\/wp\/v2\/product\/55582","targetHints":{"allow":["GET"]}}],"collection":[{"href":"https:\/\/lialea.com\/tr\/wp-json\/wp\/v2\/product"}],"about":[{"href":"https:\/\/lialea.com\/tr\/wp-json\/wp\/v2\/types\/product"}],"replies":[{"embeddable":true,"href":"https:\/\/lialea.com\/tr\/wp-json\/wp\/v2\/comments?post=55582"}],"wp:featuredmedia":[{"embeddable":true,"href":"https:\/\/lialea.com\/tr\/wp-json\/wp\/v2\/media\/55583"}],"wp:attachment":[{"href":"https:\/\/lialea.com\/tr\/wp-json\/wp\/v2\/media?parent=55582"}],"wp:term":[{"taxonomy":"product_brand","embeddable":true,"href":"https:\/\/lialea.com\/tr\/wp-json\/wp\/v2\/product_brand?post=55582"},{"taxonomy":"product_cat","embeddable":true,"href":"https:\/\/lialea.com\/tr\/wp-json\/wp\/v2\/product_cat?post=55582"},{"taxonomy":"product_tag","embeddable":true,"href":"https:\/\/lialea.com\/tr\/wp-json\/wp\/v2\/product_tag?post=55582"}],"curies":[{"name":"wp","href":"https:\/\/api.w.org\/{rel}","templated":true}]}}