{"id":55568,"date":"2025-02-07T14:48:59","date_gmt":"2025-02-07T11:48:59","guid":{"rendered":"https:\/\/lialea.com\/?post_type=product&#038;p=55568"},"modified":"2025-09-24T11:51:45","modified_gmt":"2025-09-24T08:51:45","slug":"t-shirt-elbise","status":"publish","type":"product","link":"https:\/\/lialea.com\/tr\/urun\/t-shirt-elbise\/","title":{"rendered":"T-SHIRT ELB\u0130SE"},"content":{"rendered":"<p>Yaln\u0131zca Elde Y\u0131kama<\/p>\n<p>A\u011fartma Yap\u0131lmaz<\/p>\n<p>\u00dct\u00fc yap\u0131lamaz<\/p>\n<p>Makinada Kurutulmaz<\/p>\n<p>Sadece Sererek kurutulur<\/p>\n<p>80% POLYESTER %16 V\u0130SKON %4ELASTAN \u0130K\u0130NC\u0130L KUMA\u015e %96,5V\u0130SKON %3,5 ELASTAN<\/p>\n<p>\u00dcr\u00fcn Kodu :\u00a0 DS02143<\/p>\n","protected":false},"excerpt":{"rendered":"<p>\u00d6rme kuma\u015ftan Tshirt yaz elbisesi. Etek k\u0131sm\u0131nda t\u00fcl kalp detay\u0131 ile renklendirilmi\u015ftir.<\/p>\n","protected":false},"featured_media":55569,"comment_status":"open","ping_status":"closed","template":"","meta":[],"product_brand":[],"product_cat":[152,162,161],"product_tag":[],"class_list":{"0":"post-55568","1":"product","2":"type-product","3":"status-publish","4":"has-post-thumbnail","6":"product_cat-elbiseler-4-12-yas","7":"product_cat-ozel-fiyatlar","8":"product_cat-yeni-sezon","11":"first","12":"instock","13":"sale","14":"shipping-taxable","15":"product-type-external"},"_links":{"self":[{"href":"https:\/\/lialea.com\/tr\/wp-json\/wp\/v2\/product\/55568","targetHints":{"allow":["GET"]}}],"collection":[{"href":"https:\/\/lialea.com\/tr\/wp-json\/wp\/v2\/product"}],"about":[{"href":"https:\/\/lialea.com\/tr\/wp-json\/wp\/v2\/types\/product"}],"replies":[{"embeddable":true,"href":"https:\/\/lialea.com\/tr\/wp-json\/wp\/v2\/comments?post=55568"}],"wp:featuredmedia":[{"embeddable":true,"href":"https:\/\/lialea.com\/tr\/wp-json\/wp\/v2\/media\/55569"}],"wp:attachment":[{"href":"https:\/\/lialea.com\/tr\/wp-json\/wp\/v2\/media?parent=55568"}],"wp:term":[{"taxonomy":"product_brand","embeddable":true,"href":"https:\/\/lialea.com\/tr\/wp-json\/wp\/v2\/product_brand?post=55568"},{"taxonomy":"product_cat","embeddable":true,"href":"https:\/\/lialea.com\/tr\/wp-json\/wp\/v2\/product_cat?post=55568"},{"taxonomy":"product_tag","embeddable":true,"href":"https:\/\/lialea.com\/tr\/wp-json\/wp\/v2\/product_tag?post=55568"}],"curies":[{"name":"wp","href":"https:\/\/api.w.org\/{rel}","templated":true}]}}