{"id":55541,"date":"2025-02-07T14:40:40","date_gmt":"2025-02-07T11:40:40","guid":{"rendered":"https:\/\/lialea.com\/?post_type=product&#038;p=55541"},"modified":"2025-09-24T11:53:26","modified_gmt":"2025-09-24T08:53:26","slug":"firfir-detay-jean-ceket","status":"publish","type":"product","link":"https:\/\/lialea.com\/tr\/urun\/firfir-detay-jean-ceket\/","title":{"rendered":"FIRFIR DETAY JEAN CEKET"},"content":{"rendered":"<p>Makinada Y\u0131kama,<\/p>\n<p>Hassas, So\u011fuk.<\/p>\n<p>A\u011fartma Yap\u0131lmaz \u00dct\u00fc ,<\/p>\n<p>D\u00fc\u015f\u00fck S\u0131cakl\u0131k Kuru temizleme,<\/p>\n<p>Yaln\u0131zca Petrol Bazl\u0131 \u00c7\u00f6z\u00fcc\u00fcler Makinada Kurutulmaz<\/p>\n<p>Benzer renkli \u00fcr\u00fcnlerle birlikte y\u0131kay\u0131n\u0131z.<\/p>\n<p>%100 PAMUK<\/p>\n<p>\u00dcr\u00fcn Kodu : CT13064<\/p>\n","protected":false},"excerpt":{"rendered":"<p>Klasik kot jean ceket etek u\u00e7lar\u0131nda 2 kat \u015feklinde f\u0131rf\u0131r detaylar\u0131 ile farkl\u0131 bir tarza sahiptir.<\/p>\n","protected":false},"featured_media":56555,"comment_status":"open","ping_status":"closed","template":"","meta":[],"product_brand":[],"product_cat":[160,162,161],"product_tag":[],"class_list":{"0":"post-55541","1":"product","2":"type-product","3":"status-publish","4":"has-post-thumbnail","6":"product_cat-ceketler","7":"product_cat-ozel-fiyatlar","8":"product_cat-yeni-sezon","11":"first","12":"instock","13":"sale","14":"shipping-taxable","15":"product-type-external"},"_links":{"self":[{"href":"https:\/\/lialea.com\/tr\/wp-json\/wp\/v2\/product\/55541","targetHints":{"allow":["GET"]}}],"collection":[{"href":"https:\/\/lialea.com\/tr\/wp-json\/wp\/v2\/product"}],"about":[{"href":"https:\/\/lialea.com\/tr\/wp-json\/wp\/v2\/types\/product"}],"replies":[{"embeddable":true,"href":"https:\/\/lialea.com\/tr\/wp-json\/wp\/v2\/comments?post=55541"}],"wp:featuredmedia":[{"embeddable":true,"href":"https:\/\/lialea.com\/tr\/wp-json\/wp\/v2\/media\/56555"}],"wp:attachment":[{"href":"https:\/\/lialea.com\/tr\/wp-json\/wp\/v2\/media?parent=55541"}],"wp:term":[{"taxonomy":"product_brand","embeddable":true,"href":"https:\/\/lialea.com\/tr\/wp-json\/wp\/v2\/product_brand?post=55541"},{"taxonomy":"product_cat","embeddable":true,"href":"https:\/\/lialea.com\/tr\/wp-json\/wp\/v2\/product_cat?post=55541"},{"taxonomy":"product_tag","embeddable":true,"href":"https:\/\/lialea.com\/tr\/wp-json\/wp\/v2\/product_tag?post=55541"}],"curies":[{"name":"wp","href":"https:\/\/api.w.org\/{rel}","templated":true}]}}