{"id":55534,"date":"2025-02-07T14:38:01","date_gmt":"2025-02-07T11:38:01","guid":{"rendered":"https:\/\/lialea.com\/?post_type=product&#038;p=55534"},"modified":"2025-09-24T12:07:34","modified_gmt":"2025-09-24T09:07:34","slug":"serit-yaz-ceketi","status":"publish","type":"product","link":"https:\/\/lialea.com\/tr\/urun\/serit-yaz-ceketi\/","title":{"rendered":"\u015eER\u0130T YAZ CEKET\u0130"},"content":{"rendered":"<p>Yaln\u0131zca Elde Y\u0131kama<\/p>\n<p>A\u011fartma Yap\u0131lmaz<\/p>\n<p>\u00dct\u00fc yap\u0131lamaz<\/p>\n<p>Makinada Kurutulmaz<\/p>\n<p>Sadece Sererek kurutulur<\/p>\n<p>%96PAMUK %4 ELASTAN \u0130K\u0130NC\u0130L KUMA\u015e %84 V\u0130SKON %16NAYLON<\/p>\n<p>\u00dcr\u00fcn Kodu : CT13063<\/p>\n","protected":false},"excerpt":{"rendered":"<p>Parlak beyaz kuma\u015ftan tasarlanm\u0131\u015f bu k\u0131z \u00e7ocuk bomber ceket ayn\u0131 zamanda r\u00fczgarl\u0131k g\u015fb\u015f de kullan\u0131labilir. \u00d6nden fermuarl\u0131d\u0131r.<\/p>\n","protected":false},"featured_media":55536,"comment_status":"open","ping_status":"closed","template":"","meta":[],"product_brand":[],"product_cat":[160,162,161],"product_tag":[],"class_list":{"0":"post-55534","1":"product","2":"type-product","3":"status-publish","4":"has-post-thumbnail","6":"product_cat-ceketler","7":"product_cat-ozel-fiyatlar","8":"product_cat-yeni-sezon","11":"first","12":"instock","13":"sale","14":"shipping-taxable","15":"product-type-external"},"_links":{"self":[{"href":"https:\/\/lialea.com\/tr\/wp-json\/wp\/v2\/product\/55534","targetHints":{"allow":["GET"]}}],"collection":[{"href":"https:\/\/lialea.com\/tr\/wp-json\/wp\/v2\/product"}],"about":[{"href":"https:\/\/lialea.com\/tr\/wp-json\/wp\/v2\/types\/product"}],"replies":[{"embeddable":true,"href":"https:\/\/lialea.com\/tr\/wp-json\/wp\/v2\/comments?post=55534"}],"wp:featuredmedia":[{"embeddable":true,"href":"https:\/\/lialea.com\/tr\/wp-json\/wp\/v2\/media\/55536"}],"wp:attachment":[{"href":"https:\/\/lialea.com\/tr\/wp-json\/wp\/v2\/media?parent=55534"}],"wp:term":[{"taxonomy":"product_brand","embeddable":true,"href":"https:\/\/lialea.com\/tr\/wp-json\/wp\/v2\/product_brand?post=55534"},{"taxonomy":"product_cat","embeddable":true,"href":"https:\/\/lialea.com\/tr\/wp-json\/wp\/v2\/product_cat?post=55534"},{"taxonomy":"product_tag","embeddable":true,"href":"https:\/\/lialea.com\/tr\/wp-json\/wp\/v2\/product_tag?post=55534"}],"curies":[{"name":"wp","href":"https:\/\/api.w.org\/{rel}","templated":true}]}}