{"id":55519,"date":"2025-02-07T14:32:19","date_gmt":"2025-02-07T11:32:19","guid":{"rendered":"https:\/\/lialea.com\/?post_type=product&#038;p=55519"},"modified":"2025-09-24T12:11:25","modified_gmt":"2025-09-24T09:11:25","slug":"pamuk-islemeli-bluz","status":"publish","type":"product","link":"https:\/\/lialea.com\/tr\/urun\/pamuk-islemeli-bluz\/","title":{"rendered":"PAMUK \u0130\u015eLEMEL\u0130 BLUZ"},"content":{"rendered":"<p>Yaln\u0131zca Elde Y\u0131kama<\/p>\n<p>A\u011fartma Yap\u0131lmaz<\/p>\n<p>Tersten \u00fct\u00fcleme<\/p>\n<p>Makinada Kurutulmaz Sadece Sererek kurutulur<\/p>\n<p>%100 PAMUK<\/p>\n<p>\u00dcr\u00fcn Kodu : BL03798<\/p>\n","protected":false},"excerpt":{"rendered":"<p>Pamuklu ve i\u015flemeli f\u0131rf\u0131r kol detayl\u0131 k\u0131z \u00e7ocuk bl\u00fcz<\/p>\n","protected":false},"featured_media":55526,"comment_status":"open","ping_status":"closed","template":"","meta":[],"product_brand":[],"product_cat":[155,162,161],"product_tag":[],"class_list":{"0":"post-55519","1":"product","2":"type-product","3":"status-publish","4":"has-post-thumbnail","6":"product_cat-bluzlar","7":"product_cat-ozel-fiyatlar","8":"product_cat-yeni-sezon","11":"first","12":"instock","13":"sale","14":"shipping-taxable","15":"product-type-external"},"_links":{"self":[{"href":"https:\/\/lialea.com\/tr\/wp-json\/wp\/v2\/product\/55519","targetHints":{"allow":["GET"]}}],"collection":[{"href":"https:\/\/lialea.com\/tr\/wp-json\/wp\/v2\/product"}],"about":[{"href":"https:\/\/lialea.com\/tr\/wp-json\/wp\/v2\/types\/product"}],"replies":[{"embeddable":true,"href":"https:\/\/lialea.com\/tr\/wp-json\/wp\/v2\/comments?post=55519"}],"wp:featuredmedia":[{"embeddable":true,"href":"https:\/\/lialea.com\/tr\/wp-json\/wp\/v2\/media\/55526"}],"wp:attachment":[{"href":"https:\/\/lialea.com\/tr\/wp-json\/wp\/v2\/media?parent=55519"}],"wp:term":[{"taxonomy":"product_brand","embeddable":true,"href":"https:\/\/lialea.com\/tr\/wp-json\/wp\/v2\/product_brand?post=55519"},{"taxonomy":"product_cat","embeddable":true,"href":"https:\/\/lialea.com\/tr\/wp-json\/wp\/v2\/product_cat?post=55519"},{"taxonomy":"product_tag","embeddable":true,"href":"https:\/\/lialea.com\/tr\/wp-json\/wp\/v2\/product_tag?post=55519"}],"curies":[{"name":"wp","href":"https:\/\/api.w.org\/{rel}","templated":true}]}}