{"id":55504,"date":"2025-02-07T14:27:49","date_gmt":"2025-02-07T11:27:49","guid":{"rendered":"https:\/\/lialea.com\/?post_type=product&#038;p=55504"},"modified":"2025-09-24T12:12:38","modified_gmt":"2025-09-24T09:12:38","slug":"parca-blok-bluz","status":"publish","type":"product","link":"https:\/\/lialea.com\/tr\/urun\/parca-blok-bluz\/","title":{"rendered":"PAR\u00c7A BLOK BLUZ"},"content":{"rendered":"<p>Yaln\u0131zca Elde Y\u0131kama<\/p>\n<p>A\u011fartma Yap\u0131lmaz<\/p>\n<p>Tersten \u00fct\u00fcleme<\/p>\n<p>Makinada Kurutulmaz Sadece Sererek kurutulur<\/p>\n<p>%99 POLYESTER %1ELASTAN \u0130K\u0130NC\u0130L KUMA\u015e %100PAMUK<\/p>\n<p>\u00dcr\u00fcn Kodu : BL03792<\/p>\n","protected":false},"excerpt":{"rendered":"<p>Kolsuz sar\u0131 beyaz renk bloklu k\u0131z \u00e7ocuk crop top<\/p>\n","protected":false},"featured_media":55724,"comment_status":"open","ping_status":"closed","template":"","meta":[],"product_brand":[],"product_cat":[155,162,161],"product_tag":[],"class_list":{"0":"post-55504","1":"product","2":"type-product","3":"status-publish","4":"has-post-thumbnail","6":"product_cat-bluzlar","7":"product_cat-ozel-fiyatlar","8":"product_cat-yeni-sezon","11":"first","12":"instock","13":"sale","14":"shipping-taxable","15":"product-type-external"},"_links":{"self":[{"href":"https:\/\/lialea.com\/tr\/wp-json\/wp\/v2\/product\/55504","targetHints":{"allow":["GET"]}}],"collection":[{"href":"https:\/\/lialea.com\/tr\/wp-json\/wp\/v2\/product"}],"about":[{"href":"https:\/\/lialea.com\/tr\/wp-json\/wp\/v2\/types\/product"}],"replies":[{"embeddable":true,"href":"https:\/\/lialea.com\/tr\/wp-json\/wp\/v2\/comments?post=55504"}],"wp:featuredmedia":[{"embeddable":true,"href":"https:\/\/lialea.com\/tr\/wp-json\/wp\/v2\/media\/55724"}],"wp:attachment":[{"href":"https:\/\/lialea.com\/tr\/wp-json\/wp\/v2\/media?parent=55504"}],"wp:term":[{"taxonomy":"product_brand","embeddable":true,"href":"https:\/\/lialea.com\/tr\/wp-json\/wp\/v2\/product_brand?post=55504"},{"taxonomy":"product_cat","embeddable":true,"href":"https:\/\/lialea.com\/tr\/wp-json\/wp\/v2\/product_cat?post=55504"},{"taxonomy":"product_tag","embeddable":true,"href":"https:\/\/lialea.com\/tr\/wp-json\/wp\/v2\/product_tag?post=55504"}],"curies":[{"name":"wp","href":"https:\/\/api.w.org\/{rel}","templated":true}]}}