{"id":55496,"date":"2025-02-07T14:23:12","date_gmt":"2025-02-07T11:23:12","guid":{"rendered":"https:\/\/lialea.com\/?post_type=product&#038;p=55496"},"modified":"2025-09-24T12:15:29","modified_gmt":"2025-09-24T09:15:29","slug":"asimetrik-kol-bluz","status":"publish","type":"product","link":"https:\/\/lialea.com\/tr\/urun\/asimetrik-kol-bluz\/","title":{"rendered":"AS\u0130METR\u0130K KOL BLUZ"},"content":{"rendered":"<p>Makinada Y\u0131kama, Hassas, So\u011fuk.<\/p>\n<p>A\u011fartma Yap\u0131lmaz \u00dct\u00fc ,<\/p>\n<p>D\u00fc\u015f\u00fck S\u0131cakl\u0131k Kuru temizleme,<\/p>\n<p>Yaln\u0131zca Petrol Bazl\u0131 \u00c7\u00f6z\u00fcc\u00fcler Makinada Kurutulmaz<\/p>\n<p>Benzer renkli \u00fcr\u00fcnlerle birlikte y\u0131kay\u0131n\u0131z.<\/p>\n<p>69%PAMUK%25NAYLON %6 ELASTAN ASTAR %100 PAMUK<\/p>\n<p>\u00dcr\u00fcn Kodu : BL03786<\/p>\n","protected":false},"excerpt":{"rendered":"<p>Asimetrik kol detayl\u0131, g\u00f6\u011fs\u00fc b\u00fczg\u00fcl\u00fc pamuklu k\u0131z \u00e7ocuk T-shirt.<\/p>\n","protected":false},"featured_media":55771,"comment_status":"open","ping_status":"closed","template":"","meta":[],"product_brand":[],"product_cat":[155,162,161],"product_tag":[],"class_list":{"0":"post-55496","1":"product","2":"type-product","3":"status-publish","4":"has-post-thumbnail","6":"product_cat-bluzlar","7":"product_cat-ozel-fiyatlar","8":"product_cat-yeni-sezon","11":"first","12":"instock","13":"sale","14":"shipping-taxable","15":"product-type-external"},"_links":{"self":[{"href":"https:\/\/lialea.com\/tr\/wp-json\/wp\/v2\/product\/55496","targetHints":{"allow":["GET"]}}],"collection":[{"href":"https:\/\/lialea.com\/tr\/wp-json\/wp\/v2\/product"}],"about":[{"href":"https:\/\/lialea.com\/tr\/wp-json\/wp\/v2\/types\/product"}],"replies":[{"embeddable":true,"href":"https:\/\/lialea.com\/tr\/wp-json\/wp\/v2\/comments?post=55496"}],"wp:featuredmedia":[{"embeddable":true,"href":"https:\/\/lialea.com\/tr\/wp-json\/wp\/v2\/media\/55771"}],"wp:attachment":[{"href":"https:\/\/lialea.com\/tr\/wp-json\/wp\/v2\/media?parent=55496"}],"wp:term":[{"taxonomy":"product_brand","embeddable":true,"href":"https:\/\/lialea.com\/tr\/wp-json\/wp\/v2\/product_brand?post=55496"},{"taxonomy":"product_cat","embeddable":true,"href":"https:\/\/lialea.com\/tr\/wp-json\/wp\/v2\/product_cat?post=55496"},{"taxonomy":"product_tag","embeddable":true,"href":"https:\/\/lialea.com\/tr\/wp-json\/wp\/v2\/product_tag?post=55496"}],"curies":[{"name":"wp","href":"https:\/\/api.w.org\/{rel}","templated":true}]}}