{"id":55490,"date":"2025-02-07T14:21:31","date_gmt":"2025-02-07T11:21:31","guid":{"rendered":"https:\/\/lialea.com\/?post_type=product&#038;p=55490"},"modified":"2025-09-24T12:16:09","modified_gmt":"2025-09-24T09:16:09","slug":"poplin-peri-bluz","status":"publish","type":"product","link":"https:\/\/lialea.com\/tr\/urun\/poplin-peri-bluz\/","title":{"rendered":"POPL\u0130N PER\u0130 BLUZ"},"content":{"rendered":"<p>Makinada Y\u0131kama, Hassas, So\u011fuk.<\/p>\n<p>A\u011fartma Yap\u0131lmaz \u00dct\u00fc ,<\/p>\n<p>D\u00fc\u015f\u00fck S\u0131cakl\u0131k Kuru temizleme,<\/p>\n<p>Yaln\u0131zca Petrol Bazl\u0131 \u00c7\u00f6z\u00fcc\u00fcler Makinada Kurutulmaz<\/p>\n<p>Benzer renkli \u00fcr\u00fcnlerle birlikte y\u0131kay\u0131n\u0131z.<\/p>\n<p>69%PAMUK%25NAYLON %6 ELASTAN ASTAR %100 PAMUK<\/p>\n<p>\u00dcr\u00fcn Kodu : BL03785<\/p>\n","protected":false},"excerpt":{"rendered":"<p>Bebe yakal\u0131, kolsuz, poplin k\u0131z \u00e7ocuk bluz.<\/p>\n","protected":false},"featured_media":55744,"comment_status":"open","ping_status":"closed","template":"","meta":[],"product_brand":[],"product_cat":[155,161],"product_tag":[],"class_list":{"0":"post-55490","1":"product","2":"type-product","3":"status-publish","4":"has-post-thumbnail","6":"product_cat-bluzlar","7":"product_cat-yeni-sezon","10":"first","11":"instock","12":"sale","13":"shipping-taxable","14":"product-type-external"},"_links":{"self":[{"href":"https:\/\/lialea.com\/tr\/wp-json\/wp\/v2\/product\/55490","targetHints":{"allow":["GET"]}}],"collection":[{"href":"https:\/\/lialea.com\/tr\/wp-json\/wp\/v2\/product"}],"about":[{"href":"https:\/\/lialea.com\/tr\/wp-json\/wp\/v2\/types\/product"}],"replies":[{"embeddable":true,"href":"https:\/\/lialea.com\/tr\/wp-json\/wp\/v2\/comments?post=55490"}],"wp:featuredmedia":[{"embeddable":true,"href":"https:\/\/lialea.com\/tr\/wp-json\/wp\/v2\/media\/55744"}],"wp:attachment":[{"href":"https:\/\/lialea.com\/tr\/wp-json\/wp\/v2\/media?parent=55490"}],"wp:term":[{"taxonomy":"product_brand","embeddable":true,"href":"https:\/\/lialea.com\/tr\/wp-json\/wp\/v2\/product_brand?post=55490"},{"taxonomy":"product_cat","embeddable":true,"href":"https:\/\/lialea.com\/tr\/wp-json\/wp\/v2\/product_cat?post=55490"},{"taxonomy":"product_tag","embeddable":true,"href":"https:\/\/lialea.com\/tr\/wp-json\/wp\/v2\/product_tag?post=55490"}],"curies":[{"name":"wp","href":"https:\/\/api.w.org\/{rel}","templated":true}]}}