{"id":55482,"date":"2025-02-07T14:19:09","date_gmt":"2025-02-07T11:19:09","guid":{"rendered":"https:\/\/lialea.com\/?post_type=product&#038;p=55482"},"modified":"2025-09-24T12:16:36","modified_gmt":"2025-09-24T09:16:36","slug":"acik-omuzlu-bluz","status":"publish","type":"product","link":"https:\/\/lialea.com\/tr\/urun\/acik-omuzlu-bluz\/","title":{"rendered":"A\u00c7IK OMUZLU BLUZ"},"content":{"rendered":"<p>Makinada Y\u0131kama,<\/p>\n<p>Hassas, So\u011fuk.<\/p>\n<p>A\u011fartma Yap\u0131lmaz<\/p>\n<p>\u00dct\u00fc yap\u0131lamaz<\/p>\n<p>Kuru temizleme,<\/p>\n<p>Yaln\u0131zca Petrol Bazl\u0131 \u00c7\u00f6z\u00fcc\u00fcler<\/p>\n<p>Mankinada Kurutulmaz Benzer renkli \u00fcr\u00fcnlerle birlikte y\u0131kay\u0131n\u0131z.<\/p>\n<p>%62 L\u0130YOSEL %37 POLYESTER %1ELASTAN \u0130K\u0130NC\u0130L KUMA\u015e %96,5V\u0130SKON %3,5 ELASTAN ASTAR %100 PAMUK<\/p>\n","protected":false},"excerpt":{"rendered":"<p>Omuzlar\u0131 a\u00e7\u0131k e\u015feker pembesi k\u0131sa kollu k\u0131z \u00e7ocuk bluz.<\/p>\n","protected":false},"featured_media":55484,"comment_status":"open","ping_status":"closed","template":"","meta":[],"product_brand":[],"product_cat":[155,162,161],"product_tag":[],"class_list":{"0":"post-55482","1":"product","2":"type-product","3":"status-publish","4":"has-post-thumbnail","6":"product_cat-bluzlar","7":"product_cat-ozel-fiyatlar","8":"product_cat-yeni-sezon","11":"first","12":"instock","13":"sale","14":"shipping-taxable","15":"product-type-external"},"_links":{"self":[{"href":"https:\/\/lialea.com\/tr\/wp-json\/wp\/v2\/product\/55482","targetHints":{"allow":["GET"]}}],"collection":[{"href":"https:\/\/lialea.com\/tr\/wp-json\/wp\/v2\/product"}],"about":[{"href":"https:\/\/lialea.com\/tr\/wp-json\/wp\/v2\/types\/product"}],"replies":[{"embeddable":true,"href":"https:\/\/lialea.com\/tr\/wp-json\/wp\/v2\/comments?post=55482"}],"wp:featuredmedia":[{"embeddable":true,"href":"https:\/\/lialea.com\/tr\/wp-json\/wp\/v2\/media\/55484"}],"wp:attachment":[{"href":"https:\/\/lialea.com\/tr\/wp-json\/wp\/v2\/media?parent=55482"}],"wp:term":[{"taxonomy":"product_brand","embeddable":true,"href":"https:\/\/lialea.com\/tr\/wp-json\/wp\/v2\/product_brand?post=55482"},{"taxonomy":"product_cat","embeddable":true,"href":"https:\/\/lialea.com\/tr\/wp-json\/wp\/v2\/product_cat?post=55482"},{"taxonomy":"product_tag","embeddable":true,"href":"https:\/\/lialea.com\/tr\/wp-json\/wp\/v2\/product_tag?post=55482"}],"curies":[{"name":"wp","href":"https:\/\/api.w.org\/{rel}","templated":true}]}}