{"id":55437,"date":"2024-09-29T17:51:20","date_gmt":"2024-09-29T14:51:20","guid":{"rendered":"https:\/\/lialea.com\/urun\/girl-red-dress-2\/"},"modified":"2025-03-10T22:54:34","modified_gmt":"2025-03-10T19:54:34","slug":"kiz-bebek-kirmizi-elbise-2","status":"publish","type":"product","link":"https:\/\/lialea.com\/tr\/urun\/kiz-bebek-kirmizi-elbise-2\/","title":{"rendered":"K\u0131z Bebek K\u0131rm\u0131z\u0131 Elbise"},"content":{"rendered":"","protected":false},"excerpt":{"rendered":"<table width=\"741\">\n<tbody>\n<tr>\n<td width=\"204\"><\/td>\n<td colspan=\"3\" width=\"537\">BEDEN<\/td>\n<\/tr>\n<tr>\n<td><\/td>\n<td>1 Ya\u015f<\/td>\n<td>2 Ya\u015f<\/td>\n<td>3 Ya\u015f<\/td>\n<\/tr>\n<tr>\n<td>\u00c7ocuk Elbise Boyu<\/td>\n<td width=\"177\">42<\/td>\n<td width=\"181\">45<\/td>\n<td width=\"179\">48<\/td>\n<\/tr>\n<tr>\n<td>G\u00f6\u011f\u00fcs Geni\u015fli\u011fi<\/td>\n<td width=\"177\">31<\/td>\n<td width=\"181\">32<\/td>\n<td width=\"179\">33<\/td>\n<\/tr>\n<tr>\n<td>Bel Geni\u015fli\u011fi<\/td>\n<td width=\"177\">31<\/td>\n<td width=\"181\">32<\/td>\n<td width=\"179\">33<\/td>\n<\/tr>\n<\/tbody>\n<\/table>\n","protected":false},"featured_media":55049,"comment_status":"open","ping_status":"closed","template":"","meta":[],"product_brand":[],"product_cat":[156,162],"product_tag":[],"class_list":{"0":"post-55437","1":"product","2":"type-product","3":"status-publish","4":"has-post-thumbnail","6":"product_cat-bebek-elbiseleri-1-3-yas","7":"product_cat-ozel-fiyatlar","10":"first","11":"instock","12":"shipping-taxable","13":"product-type-external"},"_links":{"self":[{"href":"https:\/\/lialea.com\/tr\/wp-json\/wp\/v2\/product\/55437","targetHints":{"allow":["GET"]}}],"collection":[{"href":"https:\/\/lialea.com\/tr\/wp-json\/wp\/v2\/product"}],"about":[{"href":"https:\/\/lialea.com\/tr\/wp-json\/wp\/v2\/types\/product"}],"replies":[{"embeddable":true,"href":"https:\/\/lialea.com\/tr\/wp-json\/wp\/v2\/comments?post=55437"}],"wp:featuredmedia":[{"embeddable":true,"href":"https:\/\/lialea.com\/tr\/wp-json\/wp\/v2\/media\/55049"}],"wp:attachment":[{"href":"https:\/\/lialea.com\/tr\/wp-json\/wp\/v2\/media?parent=55437"}],"wp:term":[{"taxonomy":"product_brand","embeddable":true,"href":"https:\/\/lialea.com\/tr\/wp-json\/wp\/v2\/product_brand?post=55437"},{"taxonomy":"product_cat","embeddable":true,"href":"https:\/\/lialea.com\/tr\/wp-json\/wp\/v2\/product_cat?post=55437"},{"taxonomy":"product_tag","embeddable":true,"href":"https:\/\/lialea.com\/tr\/wp-json\/wp\/v2\/product_tag?post=55437"}],"curies":[{"name":"wp","href":"https:\/\/api.w.org\/{rel}","templated":true}]}}