{"id":55433,"date":"2024-09-29T17:46:26","date_gmt":"2024-09-29T14:46:26","guid":{"rendered":"https:\/\/lialea.com\/urun\/girl-beige-blouse\/"},"modified":"2025-03-10T23:04:56","modified_gmt":"2025-03-10T20:04:56","slug":"kiz-cocuk-bej-bluz","status":"publish","type":"product","link":"https:\/\/lialea.com\/tr\/urun\/kiz-cocuk-bej-bluz\/","title":{"rendered":"K\u0131z \u00c7ocuk Bej Bluz"},"content":{"rendered":"<p>&nbsp;<\/p>\n<p>Yakas\u0131nda ve balon kollar\u0131nda kaplan aplikesi bulunan yumu\u015fak \u00f6rg\u00fc kuma\u015ftan \u00fcretilmi\u015f uzun kollu ti\u015f\u00f6rt.<\/p>\n<p><iframe title=\"Kaplan Deatl\u0131 Kilo\u015f Etek, Tiger Deat Skirt\" width=\"1200\" height=\"675\" src=\"https:\/\/www.youtube.com\/embed\/rBBDArNd7KA?feature=oembed\" frameborder=\"0\" allow=\"accelerometer; autoplay; clipboard-write; encrypted-media; gyroscope; picture-in-picture; web-share\" referrerpolicy=\"strict-origin-when-cross-origin\" allowfullscreen><\/iframe><\/p>\n","protected":false},"excerpt":{"rendered":"<p>&nbsp; Yakas\u0131nda ve balon kollar\u0131nda kaplan aplikesi bulunan yumu\u015fak \u00f6rg\u00fc kuma\u015ftan \u00fcretilmi\u015f uzun kollu ti\u015f\u00f6rt.<\/p>\n","protected":false},"featured_media":55033,"comment_status":"open","ping_status":"closed","template":"","meta":[],"product_brand":[],"product_cat":[155,162],"product_tag":[],"class_list":{"0":"post-55433","1":"product","2":"type-product","3":"status-publish","4":"has-post-thumbnail","6":"product_cat-bluzlar","7":"product_cat-ozel-fiyatlar","10":"first","11":"instock","12":"shipping-taxable","13":"product-type-external"},"_links":{"self":[{"href":"https:\/\/lialea.com\/tr\/wp-json\/wp\/v2\/product\/55433","targetHints":{"allow":["GET"]}}],"collection":[{"href":"https:\/\/lialea.com\/tr\/wp-json\/wp\/v2\/product"}],"about":[{"href":"https:\/\/lialea.com\/tr\/wp-json\/wp\/v2\/types\/product"}],"replies":[{"embeddable":true,"href":"https:\/\/lialea.com\/tr\/wp-json\/wp\/v2\/comments?post=55433"}],"wp:featuredmedia":[{"embeddable":true,"href":"https:\/\/lialea.com\/tr\/wp-json\/wp\/v2\/media\/55033"}],"wp:attachment":[{"href":"https:\/\/lialea.com\/tr\/wp-json\/wp\/v2\/media?parent=55433"}],"wp:term":[{"taxonomy":"product_brand","embeddable":true,"href":"https:\/\/lialea.com\/tr\/wp-json\/wp\/v2\/product_brand?post=55433"},{"taxonomy":"product_cat","embeddable":true,"href":"https:\/\/lialea.com\/tr\/wp-json\/wp\/v2\/product_cat?post=55433"},{"taxonomy":"product_tag","embeddable":true,"href":"https:\/\/lialea.com\/tr\/wp-json\/wp\/v2\/product_tag?post=55433"}],"curies":[{"name":"wp","href":"https:\/\/api.w.org\/{rel}","templated":true}]}}