{"id":55430,"date":"2024-09-29T17:43:02","date_gmt":"2024-09-29T14:43:02","guid":{"rendered":"https:\/\/lialea.com\/urun\/girl-beige-coat\/"},"modified":"2025-03-10T22:00:13","modified_gmt":"2025-03-10T19:00:13","slug":"kiz-cocuk-bej-kaban","status":"publish","type":"product","link":"https:\/\/lialea.com\/tr\/urun\/kiz-cocuk-bej-kaban\/","title":{"rendered":"K\u0131z \u00c7ocuk Bej Kaban"},"content":{"rendered":"<p>\u201cG\u00fclen Y\u00fcz\u201d pelu\u015f k\u0131z montu.<\/p>\n<p>&nbsp;<\/p>\n<p><iframe title=\"Pelu\u015f Mont &amp; B\u00fcy\u00fck Cepli Pamuk Elbise, Plush Coat &amp; Cotton Dress with Big Pockets\" width=\"1200\" height=\"675\" src=\"https:\/\/www.youtube.com\/embed\/QmhSh3caSCo?feature=oembed\" frameborder=\"0\" allow=\"accelerometer; autoplay; clipboard-write; encrypted-media; gyroscope; picture-in-picture; web-share\" referrerpolicy=\"strict-origin-when-cross-origin\" allowfullscreen><\/iframe><\/p>\n","protected":false},"excerpt":{"rendered":"<p>\u201cG\u00fclen Y\u00fcz\u201d pelu\u015f k\u0131z montu. &nbsp;<\/p>\n","protected":false},"featured_media":55019,"comment_status":"open","ping_status":"closed","template":"","meta":[],"product_brand":[],"product_cat":[157,162],"product_tag":[],"class_list":{"0":"post-55430","1":"product","2":"type-product","3":"status-publish","4":"has-post-thumbnail","6":"product_cat-montlar","7":"product_cat-ozel-fiyatlar","10":"first","11":"instock","12":"shipping-taxable","13":"product-type-external"},"_links":{"self":[{"href":"https:\/\/lialea.com\/tr\/wp-json\/wp\/v2\/product\/55430","targetHints":{"allow":["GET"]}}],"collection":[{"href":"https:\/\/lialea.com\/tr\/wp-json\/wp\/v2\/product"}],"about":[{"href":"https:\/\/lialea.com\/tr\/wp-json\/wp\/v2\/types\/product"}],"replies":[{"embeddable":true,"href":"https:\/\/lialea.com\/tr\/wp-json\/wp\/v2\/comments?post=55430"}],"wp:featuredmedia":[{"embeddable":true,"href":"https:\/\/lialea.com\/tr\/wp-json\/wp\/v2\/media\/55019"}],"wp:attachment":[{"href":"https:\/\/lialea.com\/tr\/wp-json\/wp\/v2\/media?parent=55430"}],"wp:term":[{"taxonomy":"product_brand","embeddable":true,"href":"https:\/\/lialea.com\/tr\/wp-json\/wp\/v2\/product_brand?post=55430"},{"taxonomy":"product_cat","embeddable":true,"href":"https:\/\/lialea.com\/tr\/wp-json\/wp\/v2\/product_cat?post=55430"},{"taxonomy":"product_tag","embeddable":true,"href":"https:\/\/lialea.com\/tr\/wp-json\/wp\/v2\/product_tag?post=55430"}],"curies":[{"name":"wp","href":"https:\/\/api.w.org\/{rel}","templated":true}]}}