{"id":55428,"date":"2024-09-29T17:40:30","date_gmt":"2024-09-29T14:40:30","guid":{"rendered":"https:\/\/lialea.com\/urun\/girls-black-jacket\/"},"modified":"2025-03-10T22:36:54","modified_gmt":"2025-03-10T19:36:54","slug":"kiz-cocuk-siyah-ceket-2","status":"publish","type":"product","link":"https:\/\/lialea.com\/tr\/urun\/kiz-cocuk-siyah-ceket-2\/","title":{"rendered":"K\u0131z \u00c7ocuk Siyah Ceket"},"content":{"rendered":"<p>Desenli k\u0131z bomber ceket<\/p>\n<p>&nbsp;<\/p>\n<p><iframe title=\"Kadife Kollu Kapitone Ceket &amp; LiLa Fitilli Kadife Pantolon, Velvet Sleeve Quilted Jacket\" width=\"1200\" height=\"675\" src=\"https:\/\/www.youtube.com\/embed\/l_jZdsrOQvs?feature=oembed\" frameborder=\"0\" allow=\"accelerometer; autoplay; clipboard-write; encrypted-media; gyroscope; picture-in-picture; web-share\" referrerpolicy=\"strict-origin-when-cross-origin\" allowfullscreen><\/iframe><\/p>\n<p>&nbsp;<\/p>\n<p><iframe title=\"Love T-shirt &amp; Kadife Kollu Kapitone Ceket, Love T-shirt &amp; Velvet Sleeve Quilted Jacket\" width=\"1200\" height=\"675\" src=\"https:\/\/www.youtube.com\/embed\/cZ1pxC2iFeU?feature=oembed\" frameborder=\"0\" allow=\"accelerometer; autoplay; clipboard-write; encrypted-media; gyroscope; picture-in-picture; web-share\" referrerpolicy=\"strict-origin-when-cross-origin\" allowfullscreen><\/iframe><\/p>\n","protected":false},"excerpt":{"rendered":"<p>Desenli k\u0131z bomber ceket &nbsp; &nbsp;<\/p>\n","protected":false},"featured_media":55002,"comment_status":"open","ping_status":"closed","template":"","meta":[],"product_brand":[],"product_cat":[160,162],"product_tag":[],"class_list":{"0":"post-55428","1":"product","2":"type-product","3":"status-publish","4":"has-post-thumbnail","6":"product_cat-ceketler","7":"product_cat-ozel-fiyatlar","10":"first","11":"instock","12":"shipping-taxable","13":"product-type-external"},"_links":{"self":[{"href":"https:\/\/lialea.com\/tr\/wp-json\/wp\/v2\/product\/55428","targetHints":{"allow":["GET"]}}],"collection":[{"href":"https:\/\/lialea.com\/tr\/wp-json\/wp\/v2\/product"}],"about":[{"href":"https:\/\/lialea.com\/tr\/wp-json\/wp\/v2\/types\/product"}],"replies":[{"embeddable":true,"href":"https:\/\/lialea.com\/tr\/wp-json\/wp\/v2\/comments?post=55428"}],"wp:featuredmedia":[{"embeddable":true,"href":"https:\/\/lialea.com\/tr\/wp-json\/wp\/v2\/media\/55002"}],"wp:attachment":[{"href":"https:\/\/lialea.com\/tr\/wp-json\/wp\/v2\/media?parent=55428"}],"wp:term":[{"taxonomy":"product_brand","embeddable":true,"href":"https:\/\/lialea.com\/tr\/wp-json\/wp\/v2\/product_brand?post=55428"},{"taxonomy":"product_cat","embeddable":true,"href":"https:\/\/lialea.com\/tr\/wp-json\/wp\/v2\/product_cat?post=55428"},{"taxonomy":"product_tag","embeddable":true,"href":"https:\/\/lialea.com\/tr\/wp-json\/wp\/v2\/product_tag?post=55428"}],"curies":[{"name":"wp","href":"https:\/\/api.w.org\/{rel}","templated":true}]}}