{"id":55426,"date":"2024-09-29T17:37:26","date_gmt":"2024-09-29T14:37:26","guid":{"rendered":"https:\/\/lialea.com\/urun\/girl-lilac-pants\/"},"modified":"2025-09-23T16:47:42","modified_gmt":"2025-09-23T13:47:42","slug":"kiz-cocuk-lila-pantolon","status":"publish","type":"product","link":"https:\/\/lialea.com\/tr\/urun\/kiz-cocuk-lila-pantolon\/","title":{"rendered":"K\u0131z \u00c7ocuk Lila Pantolon"},"content":{"rendered":"<p>Lila rengi geni\u015f pa\u00e7a kadife pantolon<\/p>\n<p>&nbsp;<\/p>\n<p><iframe title=\"Love T-shirt &amp; LiLa Fitilli Kadife Pantolon, Love T-shirt &amp; LiLa Corduroy Trousers\" width=\"563\" height=\"1000\" src=\"https:\/\/www.youtube.com\/embed\/nJoesVbtJss?feature=oembed\" frameborder=\"0\" allow=\"accelerometer; autoplay; clipboard-write; encrypted-media; gyroscope; picture-in-picture; web-share\" referrerpolicy=\"strict-origin-when-cross-origin\" allowfullscreen><\/iframe><\/p>\n<p>&nbsp;<\/p>\n<p><iframe title=\"Love T-shirt &amp; Kadife Kollu Kapitone Ceket, Love T-shirt &amp; Velvet Sleeve Quilted Jacket\" width=\"563\" height=\"1000\" src=\"https:\/\/www.youtube.com\/embed\/cZ1pxC2iFeU?feature=oembed\" frameborder=\"0\" allow=\"accelerometer; autoplay; clipboard-write; encrypted-media; gyroscope; picture-in-picture; web-share\" referrerpolicy=\"strict-origin-when-cross-origin\" allowfullscreen><\/iframe><\/p>\n<p>&nbsp;<\/p>\n<p><iframe title=\"Kadife Kollu Kapitone Ceket &amp; LiLa Fitilli Kadife Pantolon, Velvet Sleeve Quilted Jacket\" width=\"563\" height=\"1000\" src=\"https:\/\/www.youtube.com\/embed\/l_jZdsrOQvs?feature=oembed\" frameborder=\"0\" allow=\"accelerometer; autoplay; clipboard-write; encrypted-media; gyroscope; picture-in-picture; web-share\" referrerpolicy=\"strict-origin-when-cross-origin\" allowfullscreen><\/iframe><\/p>\n","protected":false},"excerpt":{"rendered":"<table width=\"1089\">\n<tbody>\n<tr>\n<td width=\"204\"><\/td>\n<td colspan=\"5\" width=\"885\">BEDEN<\/td>\n<\/tr>\n<tr>\n<td><\/td>\n<td>4-5 Ya\u015f (104 &#8211; 110 cm)<\/td>\n<td>5-6 Ya\u015f (110 &#8211; 118 cm)<\/td>\n<td>7-8 Ya\u015f (122- 128 cm)<\/td>\n<td>9-10 Ya\u015f (132 &#8211; 140 cm)<\/td>\n<td>11-12 Ya\u015f (152 cm)<\/td>\n<\/tr>\n<tr>\n<td>Pantolon Boyu<\/td>\n<td width=\"177\">59<\/td>\n<td width=\"181\">65<\/td>\n<td width=\"179\">71<\/td>\n<td width=\"193\">77,5<\/td>\n<td width=\"155\">84<\/td>\n<\/tr>\n<tr>\n<td>Bel Geni\u015fli\u011fi<\/td>\n<td width=\"177\">22<\/td>\n<td width=\"181\">23,5<\/td>\n<td width=\"179\">25<\/td>\n<td width=\"193\">27<\/td>\n<td width=\"155\">29<\/td>\n<\/tr>\n<\/tbody>\n<\/table>\n","protected":false},"featured_media":54991,"comment_status":"open","ping_status":"closed","template":"","meta":[],"product_brand":[],"product_cat":[162,153],"product_tag":[],"class_list":{"0":"post-55426","1":"product","2":"type-product","3":"status-publish","4":"has-post-thumbnail","6":"product_cat-ozel-fiyatlar","7":"product_cat-pantolonlar","10":"first","11":"instock","12":"shipping-taxable","13":"product-type-external"},"_links":{"self":[{"href":"https:\/\/lialea.com\/tr\/wp-json\/wp\/v2\/product\/55426","targetHints":{"allow":["GET"]}}],"collection":[{"href":"https:\/\/lialea.com\/tr\/wp-json\/wp\/v2\/product"}],"about":[{"href":"https:\/\/lialea.com\/tr\/wp-json\/wp\/v2\/types\/product"}],"replies":[{"embeddable":true,"href":"https:\/\/lialea.com\/tr\/wp-json\/wp\/v2\/comments?post=55426"}],"wp:featuredmedia":[{"embeddable":true,"href":"https:\/\/lialea.com\/tr\/wp-json\/wp\/v2\/media\/54991"}],"wp:attachment":[{"href":"https:\/\/lialea.com\/tr\/wp-json\/wp\/v2\/media?parent=55426"}],"wp:term":[{"taxonomy":"product_brand","embeddable":true,"href":"https:\/\/lialea.com\/tr\/wp-json\/wp\/v2\/product_brand?post=55426"},{"taxonomy":"product_cat","embeddable":true,"href":"https:\/\/lialea.com\/tr\/wp-json\/wp\/v2\/product_cat?post=55426"},{"taxonomy":"product_tag","embeddable":true,"href":"https:\/\/lialea.com\/tr\/wp-json\/wp\/v2\/product_tag?post=55426"}],"curies":[{"name":"wp","href":"https:\/\/api.w.org\/{rel}","templated":true}]}}