{"id":55425,"date":"2024-09-29T17:34:13","date_gmt":"2024-09-29T14:34:13","guid":{"rendered":"https:\/\/lialea.com\/urun\/girl-plaid-blouse\/"},"modified":"2025-05-24T11:25:15","modified_gmt":"2025-05-24T08:25:15","slug":"kiz-cocuk-ekose-bluz","status":"publish","type":"product","link":"https:\/\/lialea.com\/tr\/urun\/kiz-cocuk-ekose-bluz\/","title":{"rendered":"K\u0131z \u00c7ocuk Ekose Bluz"},"content":{"rendered":"<p>&nbsp;<\/p>\n<p>Siyah beyaz kareli desenli ve anime karakter detayl\u0131 sportif \u015f\u0131k k\u0131z \u00e7ocuk sweatshirt&#8217;\u00fc.<\/p>\n<p><iframe title=\"Kareli SweatShirt &amp; Anime Desenli E\u015fofman Alt\u0131, Checked SweatShirt &amp; Anime Patterned Sweatpants\" width=\"1200\" height=\"675\" src=\"https:\/\/www.youtube.com\/embed\/0uU0GiebKS0?feature=oembed\" frameborder=\"0\" allow=\"accelerometer; autoplay; clipboard-write; encrypted-media; gyroscope; picture-in-picture; web-share\" referrerpolicy=\"strict-origin-when-cross-origin\" allowfullscreen><\/iframe><\/p>\n<p><iframe title=\"Kareli SweatShirt &amp; Kareli Elbise, Checked SweatShirt &amp; Checked Dress\" width=\"1200\" height=\"675\" src=\"https:\/\/www.youtube.com\/embed\/REwT1X4utpU?feature=oembed\" frameborder=\"0\" allow=\"accelerometer; autoplay; clipboard-write; encrypted-media; gyroscope; picture-in-picture; web-share\" referrerpolicy=\"strict-origin-when-cross-origin\" allowfullscreen><\/iframe><\/p>\n<p>&nbsp;<\/p>\n","protected":false},"excerpt":{"rendered":"<p>&nbsp; Siyah beyaz kareli desenli ve anime karakter detayl\u0131 sportif \u015f\u0131k k\u0131z \u00e7ocuk sweatshirt&#8217;\u00fc. &nbsp;<\/p>\n","protected":false},"featured_media":54986,"comment_status":"open","ping_status":"closed","template":"","meta":[],"product_brand":[],"product_cat":[155,162],"product_tag":[],"class_list":{"0":"post-55425","1":"product","2":"type-product","3":"status-publish","4":"has-post-thumbnail","6":"product_cat-bluzlar","7":"product_cat-ozel-fiyatlar","10":"first","11":"instock","12":"shipping-taxable","13":"product-type-external"},"_links":{"self":[{"href":"https:\/\/lialea.com\/tr\/wp-json\/wp\/v2\/product\/55425","targetHints":{"allow":["GET"]}}],"collection":[{"href":"https:\/\/lialea.com\/tr\/wp-json\/wp\/v2\/product"}],"about":[{"href":"https:\/\/lialea.com\/tr\/wp-json\/wp\/v2\/types\/product"}],"replies":[{"embeddable":true,"href":"https:\/\/lialea.com\/tr\/wp-json\/wp\/v2\/comments?post=55425"}],"wp:featuredmedia":[{"embeddable":true,"href":"https:\/\/lialea.com\/tr\/wp-json\/wp\/v2\/media\/54986"}],"wp:attachment":[{"href":"https:\/\/lialea.com\/tr\/wp-json\/wp\/v2\/media?parent=55425"}],"wp:term":[{"taxonomy":"product_brand","embeddable":true,"href":"https:\/\/lialea.com\/tr\/wp-json\/wp\/v2\/product_brand?post=55425"},{"taxonomy":"product_cat","embeddable":true,"href":"https:\/\/lialea.com\/tr\/wp-json\/wp\/v2\/product_cat?post=55425"},{"taxonomy":"product_tag","embeddable":true,"href":"https:\/\/lialea.com\/tr\/wp-json\/wp\/v2\/product_tag?post=55425"}],"curies":[{"name":"wp","href":"https:\/\/api.w.org\/{rel}","templated":true}]}}