{"id":55424,"date":"2024-09-29T17:31:54","date_gmt":"2024-09-29T14:31:54","guid":{"rendered":"https:\/\/lialea.com\/urun\/girl-orange-black-dress\/"},"modified":"2025-03-10T22:38:38","modified_gmt":"2025-03-10T19:38:38","slug":"kiz-cocuk-turuncu-siyah-elbise","status":"publish","type":"product","link":"https:\/\/lialea.com\/tr\/urun\/kiz-cocuk-turuncu-siyah-elbise\/","title":{"rendered":"K\u0131z \u00c7ocuk Turuncu-Siyah Elbise"},"content":{"rendered":"<p>Turuncu ve siyah\u0131n uyumu kaplan desenli kuma\u015f ile birle\u015ftirilerek tasarlanan yuvarlak yakal\u0131 elbise.<\/p>\n<p>&nbsp;<\/p>\n<p><iframe title=\"Kaplan Desenli Elbise, Tiger Pattern Dress\" width=\"1200\" height=\"675\" src=\"https:\/\/www.youtube.com\/embed\/S7aEoyJBOik?feature=oembed\" frameborder=\"0\" allow=\"accelerometer; autoplay; clipboard-write; encrypted-media; gyroscope; picture-in-picture; web-share\" referrerpolicy=\"strict-origin-when-cross-origin\" allowfullscreen><\/iframe><\/p>\n","protected":false},"excerpt":{"rendered":"<table width=\"1089\">\n<tbody>\n<tr>\n<td width=\"204\"><\/td>\n<td colspan=\"5\" width=\"885\">BEDEN<\/td>\n<\/tr>\n<tr>\n<td><\/td>\n<td>4-5 Ya\u015f (104 &#8211; 110 cm)<\/td>\n<td>5-6 Ya\u015f (110 &#8211; 118 cm)<\/td>\n<td>7-8 Ya\u015f (122- 128 cm)<\/td>\n<td>9-10 Ya\u015f (132 &#8211; 140 cm)<\/td>\n<td>11-12 Ya\u015f (152 cm)<\/td>\n<\/tr>\n<tr>\n<td>Elbise Boyu<\/td>\n<td width=\"177\">58<\/td>\n<td width=\"181\">62,5<\/td>\n<td width=\"179\">67<\/td>\n<td width=\"193\">72,5<\/td>\n<td width=\"155\">78<\/td>\n<\/tr>\n<tr>\n<td>G\u00f6\u011f\u00fcs Geni\u015fli\u011fi<\/td>\n<td width=\"177\">34<\/td>\n<td width=\"181\">35,5<\/td>\n<td width=\"179\">37<\/td>\n<td width=\"193\">39,5<\/td>\n<td width=\"155\">42<\/td>\n<\/tr>\n<tr>\n<td>Bel Geni\u015fli\u011fi<\/td>\n<td width=\"177\">34<\/td>\n<td width=\"181\">35,5<\/td>\n<td width=\"179\">37<\/td>\n<td width=\"193\">39,5<\/td>\n<td width=\"155\">42<\/td>\n<\/tr>\n<\/tbody>\n<\/table>\n","protected":false},"featured_media":54981,"comment_status":"open","ping_status":"closed","template":"","meta":[],"product_brand":[],"product_cat":[152],"product_tag":[],"class_list":{"0":"post-55424","1":"product","2":"type-product","3":"status-publish","4":"has-post-thumbnail","6":"product_cat-elbiseler-4-12-yas","9":"first","10":"instock","11":"shipping-taxable","12":"product-type-external"},"_links":{"self":[{"href":"https:\/\/lialea.com\/tr\/wp-json\/wp\/v2\/product\/55424","targetHints":{"allow":["GET"]}}],"collection":[{"href":"https:\/\/lialea.com\/tr\/wp-json\/wp\/v2\/product"}],"about":[{"href":"https:\/\/lialea.com\/tr\/wp-json\/wp\/v2\/types\/product"}],"replies":[{"embeddable":true,"href":"https:\/\/lialea.com\/tr\/wp-json\/wp\/v2\/comments?post=55424"}],"wp:featuredmedia":[{"embeddable":true,"href":"https:\/\/lialea.com\/tr\/wp-json\/wp\/v2\/media\/54981"}],"wp:attachment":[{"href":"https:\/\/lialea.com\/tr\/wp-json\/wp\/v2\/media?parent=55424"}],"wp:term":[{"taxonomy":"product_brand","embeddable":true,"href":"https:\/\/lialea.com\/tr\/wp-json\/wp\/v2\/product_brand?post=55424"},{"taxonomy":"product_cat","embeddable":true,"href":"https:\/\/lialea.com\/tr\/wp-json\/wp\/v2\/product_cat?post=55424"},{"taxonomy":"product_tag","embeddable":true,"href":"https:\/\/lialea.com\/tr\/wp-json\/wp\/v2\/product_tag?post=55424"}],"curies":[{"name":"wp","href":"https:\/\/api.w.org\/{rel}","templated":true}]}}