{"id":55415,"date":"2024-09-29T17:19:37","date_gmt":"2024-09-29T14:19:37","guid":{"rendered":"https:\/\/lialea.com\/urun\/girl-grey-skirt\/"},"modified":"2025-03-10T22:43:28","modified_gmt":"2025-03-10T19:43:28","slug":"kiz-cocuk-gri-etek","status":"publish","type":"product","link":"https:\/\/lialea.com\/tr\/urun\/kiz-cocuk-gri-etek\/","title":{"rendered":"K\u0131z \u00c7ocuk Gri Etek"},"content":{"rendered":"<p>Simli ve parlak g\u00fcm\u00fc\u015f kuma\u015f\u0131 ile fark yaratan mini detayl\u0131 k\u0131z \u00e7ocuk ete\u011fi.<\/p>\n<p>&nbsp;<\/p>\n<p><iframe title=\"Simli Ceket &amp; Simli Mini Etek, Glitter Jacket &amp; Glitter Mini Skirt\" width=\"1200\" height=\"675\" src=\"https:\/\/www.youtube.com\/embed\/uw8PtScWpbo?feature=oembed\" frameborder=\"0\" allow=\"accelerometer; autoplay; clipboard-write; encrypted-media; gyroscope; picture-in-picture; web-share\" referrerpolicy=\"strict-origin-when-cross-origin\" allowfullscreen><\/iframe><\/p>\n<p>&nbsp;<\/p>\n<p><iframe title=\"Omuz Detayl\u0131 Bl\u00fcz &amp; Simli Mini Etek, Shoulder Detailed Blouse &amp; Glitter Mini Skirt\" width=\"1200\" height=\"675\" src=\"https:\/\/www.youtube.com\/embed\/9gX8geFoYtA?feature=oembed\" frameborder=\"0\" allow=\"accelerometer; autoplay; clipboard-write; encrypted-media; gyroscope; picture-in-picture; web-share\" referrerpolicy=\"strict-origin-when-cross-origin\" allowfullscreen><\/iframe><\/p>\n","protected":false},"excerpt":{"rendered":"<p>Simli ve parlak g\u00fcm\u00fc\u015f kuma\u015f\u0131 ile fark yaratan mini detayl\u0131 k\u0131z \u00e7ocuk ete\u011fi. &nbsp; &nbsp;<\/p>\n","protected":false},"featured_media":54937,"comment_status":"open","ping_status":"closed","template":"","meta":[],"product_brand":[],"product_cat":[154,162],"product_tag":[],"class_list":{"0":"post-55415","1":"product","2":"type-product","3":"status-publish","4":"has-post-thumbnail","6":"product_cat-etekler","7":"product_cat-ozel-fiyatlar","10":"first","11":"instock","12":"shipping-taxable","13":"product-type-external"},"_links":{"self":[{"href":"https:\/\/lialea.com\/tr\/wp-json\/wp\/v2\/product\/55415","targetHints":{"allow":["GET"]}}],"collection":[{"href":"https:\/\/lialea.com\/tr\/wp-json\/wp\/v2\/product"}],"about":[{"href":"https:\/\/lialea.com\/tr\/wp-json\/wp\/v2\/types\/product"}],"replies":[{"embeddable":true,"href":"https:\/\/lialea.com\/tr\/wp-json\/wp\/v2\/comments?post=55415"}],"wp:featuredmedia":[{"embeddable":true,"href":"https:\/\/lialea.com\/tr\/wp-json\/wp\/v2\/media\/54937"}],"wp:attachment":[{"href":"https:\/\/lialea.com\/tr\/wp-json\/wp\/v2\/media?parent=55415"}],"wp:term":[{"taxonomy":"product_brand","embeddable":true,"href":"https:\/\/lialea.com\/tr\/wp-json\/wp\/v2\/product_brand?post=55415"},{"taxonomy":"product_cat","embeddable":true,"href":"https:\/\/lialea.com\/tr\/wp-json\/wp\/v2\/product_cat?post=55415"},{"taxonomy":"product_tag","embeddable":true,"href":"https:\/\/lialea.com\/tr\/wp-json\/wp\/v2\/product_tag?post=55415"}],"curies":[{"name":"wp","href":"https:\/\/api.w.org\/{rel}","templated":true}]}}