{"id":55412,"date":"2024-09-29T17:15:40","date_gmt":"2024-09-29T14:15:40","guid":{"rendered":"https:\/\/lialea.com\/urun\/girl-child-red-black-crown\/"},"modified":"2025-03-06T17:36:54","modified_gmt":"2025-03-06T14:36:54","slug":"kiz-cocuk-kirmizi-siyah-tac","status":"publish","type":"product","link":"https:\/\/lialea.com\/tr\/urun\/kiz-cocuk-kirmizi-siyah-tac\/","title":{"rendered":"K\u0131z \u00c7ocuk K\u0131rm\u0131z\u0131-Siyah Ta\u00e7"},"content":{"rendered":"","protected":false},"excerpt":{"rendered":"","protected":false},"featured_media":54927,"comment_status":"open","ping_status":"closed","template":"","meta":[],"product_brand":[],"product_cat":[162,158],"product_tag":[],"class_list":{"0":"post-55412","1":"product","2":"type-product","3":"status-publish","4":"has-post-thumbnail","6":"product_cat-ozel-fiyatlar","7":"product_cat-sac-aksesuarlari","10":"first","11":"instock","12":"shipping-taxable","13":"product-type-external"},"_links":{"self":[{"href":"https:\/\/lialea.com\/tr\/wp-json\/wp\/v2\/product\/55412","targetHints":{"allow":["GET"]}}],"collection":[{"href":"https:\/\/lialea.com\/tr\/wp-json\/wp\/v2\/product"}],"about":[{"href":"https:\/\/lialea.com\/tr\/wp-json\/wp\/v2\/types\/product"}],"replies":[{"embeddable":true,"href":"https:\/\/lialea.com\/tr\/wp-json\/wp\/v2\/comments?post=55412"}],"wp:featuredmedia":[{"embeddable":true,"href":"https:\/\/lialea.com\/tr\/wp-json\/wp\/v2\/media\/54927"}],"wp:attachment":[{"href":"https:\/\/lialea.com\/tr\/wp-json\/wp\/v2\/media?parent=55412"}],"wp:term":[{"taxonomy":"product_brand","embeddable":true,"href":"https:\/\/lialea.com\/tr\/wp-json\/wp\/v2\/product_brand?post=55412"},{"taxonomy":"product_cat","embeddable":true,"href":"https:\/\/lialea.com\/tr\/wp-json\/wp\/v2\/product_cat?post=55412"},{"taxonomy":"product_tag","embeddable":true,"href":"https:\/\/lialea.com\/tr\/wp-json\/wp\/v2\/product_tag?post=55412"}],"curies":[{"name":"wp","href":"https:\/\/api.w.org\/{rel}","templated":true}]}}