{"id":55408,"date":"2024-09-29T17:12:04","date_gmt":"2024-09-29T14:12:04","guid":{"rendered":"https:\/\/lialea.com\/urun\/girl-black-pants-2\/"},"modified":"2025-05-24T21:27:24","modified_gmt":"2025-05-24T18:27:24","slug":"kiz-cocuk-siyah-pantolon-2","status":"publish","type":"product","link":"https:\/\/lialea.com\/tr\/urun\/kiz-cocuk-siyah-pantolon-2\/","title":{"rendered":"K\u0131z \u00c7ocuk Siyah Pantolon"},"content":{"rendered":"<p>Siyah kadife ve turuncu \u015ferit detayl\u0131 k\u0131z \u00e7ocuk e\u015fofman alt\u0131.<\/p>\n<p>&nbsp;<\/p>\n<p><iframe title=\"All Good T-Shirt &amp; Kadife E\u015fofman Alt\u0131, All Good T-Shirt &amp; Velvet Sweatpants\" width=\"1200\" height=\"675\" src=\"https:\/\/www.youtube.com\/embed\/o0YGeW3lzwk?feature=oembed\" frameborder=\"0\" allow=\"accelerometer; autoplay; clipboard-write; encrypted-media; gyroscope; picture-in-picture; web-share\" referrerpolicy=\"strict-origin-when-cross-origin\" allowfullscreen><\/iframe><\/p>\n","protected":false},"excerpt":{"rendered":"<p>Siyah kadife ve turuncu \u015ferit detayl\u0131 k\u0131z \u00e7ocuk e\u015fofman alt\u0131. &nbsp;<\/p>\n","protected":false},"featured_media":54913,"comment_status":"open","ping_status":"closed","template":"","meta":[],"product_brand":[],"product_cat":[162,153],"product_tag":[],"class_list":{"0":"post-55408","1":"product","2":"type-product","3":"status-publish","4":"has-post-thumbnail","6":"product_cat-ozel-fiyatlar","7":"product_cat-pantolonlar","10":"first","11":"instock","12":"shipping-taxable","13":"product-type-external"},"_links":{"self":[{"href":"https:\/\/lialea.com\/tr\/wp-json\/wp\/v2\/product\/55408","targetHints":{"allow":["GET"]}}],"collection":[{"href":"https:\/\/lialea.com\/tr\/wp-json\/wp\/v2\/product"}],"about":[{"href":"https:\/\/lialea.com\/tr\/wp-json\/wp\/v2\/types\/product"}],"replies":[{"embeddable":true,"href":"https:\/\/lialea.com\/tr\/wp-json\/wp\/v2\/comments?post=55408"}],"wp:featuredmedia":[{"embeddable":true,"href":"https:\/\/lialea.com\/tr\/wp-json\/wp\/v2\/media\/54913"}],"wp:attachment":[{"href":"https:\/\/lialea.com\/tr\/wp-json\/wp\/v2\/media?parent=55408"}],"wp:term":[{"taxonomy":"product_brand","embeddable":true,"href":"https:\/\/lialea.com\/tr\/wp-json\/wp\/v2\/product_brand?post=55408"},{"taxonomy":"product_cat","embeddable":true,"href":"https:\/\/lialea.com\/tr\/wp-json\/wp\/v2\/product_cat?post=55408"},{"taxonomy":"product_tag","embeddable":true,"href":"https:\/\/lialea.com\/tr\/wp-json\/wp\/v2\/product_tag?post=55408"}],"curies":[{"name":"wp","href":"https:\/\/api.w.org\/{rel}","templated":true}]}}