{"id":55405,"date":"2024-09-29T17:08:51","date_gmt":"2024-09-29T14:08:51","guid":{"rendered":"https:\/\/lialea.com\/urun\/girl-patterned-dress-3\/"},"modified":"2025-03-10T22:23:18","modified_gmt":"2025-03-10T19:23:18","slug":"kiz-cocuk-desenli-elbise-3","status":"publish","type":"product","link":"https:\/\/lialea.com\/tr\/urun\/kiz-cocuk-desenli-elbise-3\/","title":{"rendered":"K\u0131z \u00c7ocuk Desenli Elbise"},"content":{"rendered":"<p>\u00dcst k\u0131sm\u0131 \u00f6rme rahat siyah kuma\u015ftan, desenli k\u0131z \u00e7ocuk elbisesi %100 pamuklu kuma\u015ftan, b\u00fcy\u00fck cep detayl\u0131 olarak tasarlanm\u0131\u015ft\u0131r.<\/p>\n<p>&nbsp;<\/p>\n<p><iframe title=\"B\u00fcy\u00fck Cepli Pamuk Elbise, Cotton Dress with Big Pockets\" width=\"1200\" height=\"675\" src=\"https:\/\/www.youtube.com\/embed\/hngf0BnLW78?feature=oembed\" frameborder=\"0\" allow=\"accelerometer; autoplay; clipboard-write; encrypted-media; gyroscope; picture-in-picture; web-share\" referrerpolicy=\"strict-origin-when-cross-origin\" allowfullscreen><\/iframe><\/p>\n<p>&nbsp;<\/p>\n<p><iframe title=\"Pelu\u015f Mont &amp; B\u00fcy\u00fck Cepli Pamuk Elbise, Plush Coat &amp; Cotton Dress with Big Pockets\" width=\"1200\" height=\"675\" src=\"https:\/\/www.youtube.com\/embed\/QmhSh3caSCo?feature=oembed\" frameborder=\"0\" allow=\"accelerometer; autoplay; clipboard-write; encrypted-media; gyroscope; picture-in-picture; web-share\" referrerpolicy=\"strict-origin-when-cross-origin\" allowfullscreen><\/iframe><\/p>\n","protected":false},"excerpt":{"rendered":"<p>\u00dcst k\u0131sm\u0131 \u00f6rme rahat siyah kuma\u015ftan, desenli k\u0131z \u00e7ocuk elbisesi %100 pamuklu kuma\u015ftan, b\u00fcy\u00fck cep detayl\u0131 olarak tasarlanm\u0131\u015ft\u0131r. &nbsp; &nbsp;<\/p>\n","protected":false},"featured_media":54901,"comment_status":"open","ping_status":"closed","template":"","meta":[],"product_brand":[],"product_cat":[152,162],"product_tag":[],"class_list":{"0":"post-55405","1":"product","2":"type-product","3":"status-publish","4":"has-post-thumbnail","6":"product_cat-elbiseler-4-12-yas","7":"product_cat-ozel-fiyatlar","10":"first","11":"instock","12":"shipping-taxable","13":"product-type-external"},"_links":{"self":[{"href":"https:\/\/lialea.com\/tr\/wp-json\/wp\/v2\/product\/55405","targetHints":{"allow":["GET"]}}],"collection":[{"href":"https:\/\/lialea.com\/tr\/wp-json\/wp\/v2\/product"}],"about":[{"href":"https:\/\/lialea.com\/tr\/wp-json\/wp\/v2\/types\/product"}],"replies":[{"embeddable":true,"href":"https:\/\/lialea.com\/tr\/wp-json\/wp\/v2\/comments?post=55405"}],"wp:featuredmedia":[{"embeddable":true,"href":"https:\/\/lialea.com\/tr\/wp-json\/wp\/v2\/media\/54901"}],"wp:attachment":[{"href":"https:\/\/lialea.com\/tr\/wp-json\/wp\/v2\/media?parent=55405"}],"wp:term":[{"taxonomy":"product_brand","embeddable":true,"href":"https:\/\/lialea.com\/tr\/wp-json\/wp\/v2\/product_brand?post=55405"},{"taxonomy":"product_cat","embeddable":true,"href":"https:\/\/lialea.com\/tr\/wp-json\/wp\/v2\/product_cat?post=55405"},{"taxonomy":"product_tag","embeddable":true,"href":"https:\/\/lialea.com\/tr\/wp-json\/wp\/v2\/product_tag?post=55405"}],"curies":[{"name":"wp","href":"https:\/\/api.w.org\/{rel}","templated":true}]}}