{"id":55404,"date":"2024-09-29T17:07:54","date_gmt":"2024-09-29T14:07:54","guid":{"rendered":"https:\/\/lialea.com\/urun\/girl-red-dress\/"},"modified":"2025-05-24T22:00:36","modified_gmt":"2025-05-24T19:00:36","slug":"kiz-bebek-kirmizi-elbise-3","status":"publish","type":"product","link":"https:\/\/lialea.com\/tr\/urun\/kiz-bebek-kirmizi-elbise-3\/","title":{"rendered":"K\u0131z Bebek K\u0131rm\u0131z\u0131 Elbise"},"content":{"rendered":"<p>Yan taraf\u0131nda b\u00fcy\u00fck bir y\u0131ld\u0131z detay\u0131 bulunan, k\u0131rm\u0131z\u0131 kadifeden rahat kesim bir parti elbisesi.<\/p>\n<p>&nbsp;<\/p>\n<p><iframe title=\"Y\u0131ld\u0131z Aplikli Fitill\u0130 Kadife Elbise, Corduroy Dress with Star Appliques\" width=\"1200\" height=\"675\" src=\"https:\/\/www.youtube.com\/embed\/ofQ2eDb6KVA?feature=oembed\" frameborder=\"0\" allow=\"accelerometer; autoplay; clipboard-write; encrypted-media; gyroscope; picture-in-picture; web-share\" referrerpolicy=\"strict-origin-when-cross-origin\" allowfullscreen><\/iframe><\/p>\n","protected":false},"excerpt":{"rendered":"<table width=\"1089\">\n<tbody>\n<tr>\n<td width=\"204\"><\/td>\n<td colspan=\"5\" width=\"885\">BEDEN<\/td>\n<\/tr>\n<tr>\n<td><\/td>\n<td>4-5 Ya\u015f (104 &#8211; 110 cm)<\/td>\n<td>5-6 Ya\u015f (110 &#8211; 118 cm)<\/td>\n<td>7-8 Ya\u015f (122- 128 cm)<\/td>\n<td>9-10 Ya\u015f (132 &#8211; 140 cm)<\/td>\n<td>11-12 Ya\u015f (152 cm)<\/td>\n<\/tr>\n<tr>\n<td>Elbise Boyu<\/td>\n<td width=\"177\">62<\/td>\n<td width=\"181\">66,5<\/td>\n<td width=\"179\">71<\/td>\n<td width=\"193\">76,5<\/td>\n<td width=\"155\">82<\/td>\n<\/tr>\n<tr>\n<td>G\u00f6\u011f\u00fcs Geni\u015fli\u011fi<\/td>\n<td width=\"177\">38<\/td>\n<td width=\"181\">39,5<\/td>\n<td width=\"179\">41<\/td>\n<td width=\"193\">43,5<\/td>\n<td width=\"155\">46<\/td>\n<\/tr>\n<tr>\n<td>Bel Geni\u015fli\u011fi<\/td>\n<td width=\"177\">38<\/td>\n<td width=\"181\">39,5<\/td>\n<td width=\"179\">41<\/td>\n<td width=\"193\">43,5<\/td>\n<td width=\"155\">46<\/td>\n<\/tr>\n<\/tbody>\n<\/table>\n","protected":false},"featured_media":54897,"comment_status":"open","ping_status":"closed","template":"","meta":[],"product_brand":[],"product_cat":[152,162],"product_tag":[],"class_list":{"0":"post-55404","1":"product","2":"type-product","3":"status-publish","4":"has-post-thumbnail","6":"product_cat-elbiseler-4-12-yas","7":"product_cat-ozel-fiyatlar","10":"first","11":"instock","12":"shipping-taxable","13":"product-type-external"},"_links":{"self":[{"href":"https:\/\/lialea.com\/tr\/wp-json\/wp\/v2\/product\/55404","targetHints":{"allow":["GET"]}}],"collection":[{"href":"https:\/\/lialea.com\/tr\/wp-json\/wp\/v2\/product"}],"about":[{"href":"https:\/\/lialea.com\/tr\/wp-json\/wp\/v2\/types\/product"}],"replies":[{"embeddable":true,"href":"https:\/\/lialea.com\/tr\/wp-json\/wp\/v2\/comments?post=55404"}],"wp:featuredmedia":[{"embeddable":true,"href":"https:\/\/lialea.com\/tr\/wp-json\/wp\/v2\/media\/54897"}],"wp:attachment":[{"href":"https:\/\/lialea.com\/tr\/wp-json\/wp\/v2\/media?parent=55404"}],"wp:term":[{"taxonomy":"product_brand","embeddable":true,"href":"https:\/\/lialea.com\/tr\/wp-json\/wp\/v2\/product_brand?post=55404"},{"taxonomy":"product_cat","embeddable":true,"href":"https:\/\/lialea.com\/tr\/wp-json\/wp\/v2\/product_cat?post=55404"},{"taxonomy":"product_tag","embeddable":true,"href":"https:\/\/lialea.com\/tr\/wp-json\/wp\/v2\/product_tag?post=55404"}],"curies":[{"name":"wp","href":"https:\/\/api.w.org\/{rel}","templated":true}]}}