{"id":55403,"date":"2024-09-29T17:06:58","date_gmt":"2024-09-29T14:06:58","guid":{"rendered":"https:\/\/lialea.com\/urun\/girl-black-and-red-dress\/"},"modified":"2025-05-24T22:30:37","modified_gmt":"2025-05-24T19:30:37","slug":"kiz-siyah-ve-kirmizi-elbise","status":"publish","type":"product","link":"https:\/\/lialea.com\/tr\/urun\/kiz-siyah-ve-kirmizi-elbise\/","title":{"rendered":"K\u0131z Siyah ve K\u0131rm\u0131z\u0131 Elbise"},"content":{"rendered":"<p>Tatil ve yeni y\u0131l sezonu i\u00e7in tasarlanan f\u0131rf\u0131rl\u0131 etek ucu ve \u201cJOY\u201d sloganl\u0131 yar\u0131m bal\u0131k\u00e7\u0131 yaka elbise<\/p>\n<p>&nbsp;<\/p>\n<p><iframe title=\"Joy Slogan Elbise, Joy Slogan Dress\" width=\"1200\" height=\"675\" src=\"https:\/\/www.youtube.com\/embed\/tK1H6GH_sH0?feature=oembed\" frameborder=\"0\" allow=\"accelerometer; autoplay; clipboard-write; encrypted-media; gyroscope; picture-in-picture; web-share\" referrerpolicy=\"strict-origin-when-cross-origin\" allowfullscreen><\/iframe><\/p>\n","protected":false},"excerpt":{"rendered":"<table width=\"1089\">\n<tbody>\n<tr>\n<td width=\"204\"><\/td>\n<td colspan=\"5\" width=\"885\">BEDEN<\/td>\n<\/tr>\n<tr>\n<td><\/td>\n<td>4-5 Ya\u015f (104 &#8211; 110 cm)<\/td>\n<td>5-6 Ya\u015f (110 &#8211; 118 cm)<\/td>\n<td>7-8 Ya\u015f (122- 128 cm)<\/td>\n<td>9-10 Ya\u015f (132 &#8211; 140 cm)<\/td>\n<td>11-12 Ya\u015f (152 cm)<\/td>\n<\/tr>\n<tr>\n<td>Elbise Boyu<\/td>\n<td width=\"177\">60<\/td>\n<td width=\"181\">64,5<\/td>\n<td width=\"179\">69<\/td>\n<td width=\"193\">74,5<\/td>\n<td width=\"155\">80<\/td>\n<\/tr>\n<tr>\n<td>G\u00f6\u011f\u00fcs Geni\u015fli\u011fi<\/td>\n<td width=\"177\">40<\/td>\n<td width=\"181\">41,5<\/td>\n<td width=\"179\">43<\/td>\n<td width=\"193\">45,5<\/td>\n<td width=\"155\">48<\/td>\n<\/tr>\n<tr>\n<td>Bel Geni\u015fli\u011fi<\/td>\n<td width=\"177\">40<\/td>\n<td width=\"181\">41,5<\/td>\n<td width=\"179\">43<\/td>\n<td width=\"193\">45,5<\/td>\n<td width=\"155\">48<\/td>\n<\/tr>\n<\/tbody>\n<\/table>\n","protected":false},"featured_media":54893,"comment_status":"open","ping_status":"closed","template":"","meta":[],"product_brand":[],"product_cat":[152,162],"product_tag":[],"class_list":{"0":"post-55403","1":"product","2":"type-product","3":"status-publish","4":"has-post-thumbnail","6":"product_cat-elbiseler-4-12-yas","7":"product_cat-ozel-fiyatlar","10":"first","11":"instock","12":"shipping-taxable","13":"product-type-external"},"_links":{"self":[{"href":"https:\/\/lialea.com\/tr\/wp-json\/wp\/v2\/product\/55403","targetHints":{"allow":["GET"]}}],"collection":[{"href":"https:\/\/lialea.com\/tr\/wp-json\/wp\/v2\/product"}],"about":[{"href":"https:\/\/lialea.com\/tr\/wp-json\/wp\/v2\/types\/product"}],"replies":[{"embeddable":true,"href":"https:\/\/lialea.com\/tr\/wp-json\/wp\/v2\/comments?post=55403"}],"wp:featuredmedia":[{"embeddable":true,"href":"https:\/\/lialea.com\/tr\/wp-json\/wp\/v2\/media\/54893"}],"wp:attachment":[{"href":"https:\/\/lialea.com\/tr\/wp-json\/wp\/v2\/media?parent=55403"}],"wp:term":[{"taxonomy":"product_brand","embeddable":true,"href":"https:\/\/lialea.com\/tr\/wp-json\/wp\/v2\/product_brand?post=55403"},{"taxonomy":"product_cat","embeddable":true,"href":"https:\/\/lialea.com\/tr\/wp-json\/wp\/v2\/product_cat?post=55403"},{"taxonomy":"product_tag","embeddable":true,"href":"https:\/\/lialea.com\/tr\/wp-json\/wp\/v2\/product_tag?post=55403"}],"curies":[{"name":"wp","href":"https:\/\/api.w.org\/{rel}","templated":true}]}}