{"id":55400,"date":"2024-09-29T17:03:23","date_gmt":"2024-09-29T14:03:23","guid":{"rendered":"https:\/\/lialea.com\/urun\/girl-black-blouse-2\/"},"modified":"2025-03-10T22:26:25","modified_gmt":"2025-03-10T19:26:25","slug":"kiz-cocuk-siyah-bluz-2","status":"publish","type":"product","link":"https:\/\/lialea.com\/tr\/urun\/kiz-cocuk-siyah-bluz-2\/","title":{"rendered":"K\u0131z \u00c7ocuk Siyah Bluz"},"content":{"rendered":"<p>Y\u0131ld\u0131z aplikeli \u015f\u0131k siyah kabar\u0131k omuz detayl\u0131 k\u0131z \u00e7ocuk bluzu.<\/p>\n<p>&nbsp;<\/p>\n<p><iframe title=\"Omuz Detayl\u0131 Bl\u00fcz &amp; Simli Mini Etek, Shoulder Detailed Blouse &amp; Glitter Mini Skirt\" width=\"1200\" height=\"675\" src=\"https:\/\/www.youtube.com\/embed\/9gX8geFoYtA?feature=oembed\" frameborder=\"0\" allow=\"accelerometer; autoplay; clipboard-write; encrypted-media; gyroscope; picture-in-picture; web-share\" referrerpolicy=\"strict-origin-when-cross-origin\" allowfullscreen><\/iframe><\/p>\n<p>&nbsp;<\/p>\n<p><iframe title=\"Simli Ceket &amp; Simli Mini Etek, Glitter Jacket &amp; Glitter Mini Skirt\" width=\"1200\" height=\"675\" src=\"https:\/\/www.youtube.com\/embed\/uw8PtScWpbo?feature=oembed\" frameborder=\"0\" allow=\"accelerometer; autoplay; clipboard-write; encrypted-media; gyroscope; picture-in-picture; web-share\" referrerpolicy=\"strict-origin-when-cross-origin\" allowfullscreen><\/iframe><\/p>\n","protected":false},"excerpt":{"rendered":"<table width=\"1089\">\n<tbody>\n<tr>\n<td width=\"204\"><\/td>\n<td colspan=\"5\" width=\"885\">BEDEN<\/td>\n<\/tr>\n<tr>\n<td><\/td>\n<td>4-5 Ya\u015f (104 &#8211; 110 cm)<\/td>\n<td>5-6 Ya\u015f (110 &#8211; 118 cm)<\/td>\n<td>7-8 Ya\u015f (122- 128 cm)<\/td>\n<td>9-10 Ya\u015f (132 &#8211; 140 cm)<\/td>\n<td>11-12 Ya\u015f (152 cm)<\/td>\n<\/tr>\n<tr>\n<td>Bluz Boyu<\/td>\n<td width=\"177\">32<\/td>\n<td width=\"181\">34<\/td>\n<td width=\"179\">36<\/td>\n<td width=\"193\">39,5<\/td>\n<td width=\"155\">43<\/td>\n<\/tr>\n<tr>\n<td>G\u00f6\u011f\u00fcs Geni\u015fli\u011fi<\/td>\n<td width=\"177\">35<\/td>\n<td width=\"181\">36,5<\/td>\n<td width=\"179\">38<\/td>\n<td width=\"193\">40,5<\/td>\n<td width=\"155\">43<\/td>\n<\/tr>\n<\/tbody>\n<\/table>\n","protected":false},"featured_media":54878,"comment_status":"open","ping_status":"closed","template":"","meta":[],"product_brand":[],"product_cat":[155,162],"product_tag":[],"class_list":{"0":"post-55400","1":"product","2":"type-product","3":"status-publish","4":"has-post-thumbnail","6":"product_cat-bluzlar","7":"product_cat-ozel-fiyatlar","10":"first","11":"instock","12":"shipping-taxable","13":"product-type-external"},"_links":{"self":[{"href":"https:\/\/lialea.com\/tr\/wp-json\/wp\/v2\/product\/55400","targetHints":{"allow":["GET"]}}],"collection":[{"href":"https:\/\/lialea.com\/tr\/wp-json\/wp\/v2\/product"}],"about":[{"href":"https:\/\/lialea.com\/tr\/wp-json\/wp\/v2\/types\/product"}],"replies":[{"embeddable":true,"href":"https:\/\/lialea.com\/tr\/wp-json\/wp\/v2\/comments?post=55400"}],"wp:featuredmedia":[{"embeddable":true,"href":"https:\/\/lialea.com\/tr\/wp-json\/wp\/v2\/media\/54878"}],"wp:attachment":[{"href":"https:\/\/lialea.com\/tr\/wp-json\/wp\/v2\/media?parent=55400"}],"wp:term":[{"taxonomy":"product_brand","embeddable":true,"href":"https:\/\/lialea.com\/tr\/wp-json\/wp\/v2\/product_brand?post=55400"},{"taxonomy":"product_cat","embeddable":true,"href":"https:\/\/lialea.com\/tr\/wp-json\/wp\/v2\/product_cat?post=55400"},{"taxonomy":"product_tag","embeddable":true,"href":"https:\/\/lialea.com\/tr\/wp-json\/wp\/v2\/product_tag?post=55400"}],"curies":[{"name":"wp","href":"https:\/\/api.w.org\/{rel}","templated":true}]}}