{"id":55398,"date":"2024-09-29T17:01:02","date_gmt":"2024-09-29T14:01:02","guid":{"rendered":"https:\/\/lialea.com\/urun\/girl-white-blouse-5\/"},"modified":"2025-03-10T22:25:47","modified_gmt":"2025-03-10T19:25:47","slug":"kiz-cocuk-beyaz-bluz-5","status":"publish","type":"product","link":"https:\/\/lialea.com\/tr\/urun\/kiz-cocuk-beyaz-bluz-5\/","title":{"rendered":"K\u0131z \u00c7ocuk Beyaz Bluz"},"content":{"rendered":"<p>B\u00fczg\u00fcl\u00fc beli ve anime karakteri detayl\u0131 renkli kollar\u0131 olan beyaz sweatshirt.<\/p>\n","protected":false},"excerpt":{"rendered":"<table width=\"1089\">\n<tbody>\n<tr>\n<td width=\"204\"><\/td>\n<td colspan=\"5\" width=\"885\">BEDEN<\/td>\n<\/tr>\n<tr>\n<td><\/td>\n<td>4-5 Ya\u015f (104 &#8211; 110 cm)<\/td>\n<td>5-6 Ya\u015f (110 &#8211; 118 cm)<\/td>\n<td>7-8 Ya\u015f (122- 128 cm)<\/td>\n<td>9-10 Ya\u015f (132 &#8211; 140 cm)<\/td>\n<td>11-12 Ya\u015f (152 cm)<\/td>\n<\/tr>\n<tr>\n<td>Bluz Boyu<\/td>\n<td width=\"177\">29<\/td>\n<td width=\"181\">31<\/td>\n<td width=\"179\">33<\/td>\n<td width=\"193\">36,5<\/td>\n<td width=\"155\">40<\/td>\n<\/tr>\n<tr>\n<td>G\u00f6\u011f\u00fcs Geni\u015fli\u011fi<\/td>\n<td width=\"177\">30,5<\/td>\n<td width=\"181\">32<\/td>\n<td width=\"179\">33,5<\/td>\n<td width=\"193\">36<\/td>\n<td width=\"155\">38,5<\/td>\n<\/tr>\n<\/tbody>\n<\/table>\n","protected":false},"featured_media":54870,"comment_status":"open","ping_status":"closed","template":"","meta":[],"product_brand":[],"product_cat":[155],"product_tag":[],"class_list":{"0":"post-55398","1":"product","2":"type-product","3":"status-publish","4":"has-post-thumbnail","6":"product_cat-bluzlar","9":"first","10":"instock","11":"shipping-taxable","12":"product-type-external"},"_links":{"self":[{"href":"https:\/\/lialea.com\/tr\/wp-json\/wp\/v2\/product\/55398","targetHints":{"allow":["GET"]}}],"collection":[{"href":"https:\/\/lialea.com\/tr\/wp-json\/wp\/v2\/product"}],"about":[{"href":"https:\/\/lialea.com\/tr\/wp-json\/wp\/v2\/types\/product"}],"replies":[{"embeddable":true,"href":"https:\/\/lialea.com\/tr\/wp-json\/wp\/v2\/comments?post=55398"}],"wp:featuredmedia":[{"embeddable":true,"href":"https:\/\/lialea.com\/tr\/wp-json\/wp\/v2\/media\/54870"}],"wp:attachment":[{"href":"https:\/\/lialea.com\/tr\/wp-json\/wp\/v2\/media?parent=55398"}],"wp:term":[{"taxonomy":"product_brand","embeddable":true,"href":"https:\/\/lialea.com\/tr\/wp-json\/wp\/v2\/product_brand?post=55398"},{"taxonomy":"product_cat","embeddable":true,"href":"https:\/\/lialea.com\/tr\/wp-json\/wp\/v2\/product_cat?post=55398"},{"taxonomy":"product_tag","embeddable":true,"href":"https:\/\/lialea.com\/tr\/wp-json\/wp\/v2\/product_tag?post=55398"}],"curies":[{"name":"wp","href":"https:\/\/api.w.org\/{rel}","templated":true}]}}