{"id":55395,"date":"2024-09-29T16:57:20","date_gmt":"2024-09-29T13:57:20","guid":{"rendered":"https:\/\/lialea.com\/urun\/girl-red-pants\/"},"modified":"2025-03-10T22:28:55","modified_gmt":"2025-03-10T19:28:55","slug":"kiz-cocuk-kirmizi-pantolon","status":"publish","type":"product","link":"https:\/\/lialea.com\/tr\/urun\/kiz-cocuk-kirmizi-pantolon\/","title":{"rendered":"K\u0131z \u00c7ocuk K\u0131rm\u0131z\u0131 Pantolon"},"content":{"rendered":"<p>K\u0131rm\u0131z\u0131 kadife, geni\u015f pa\u00e7al\u0131 ve simli y\u0131ld\u0131z detayl\u0131 k\u0131z \u00e7ocuk pantolonu.<\/p>\n<p>&nbsp;<\/p>\n<p><iframe title=\"B\u00fczg\u00fcl\u00fc Yaka Bl\u00fcz &amp; Fitilli Kadife Bol Pa\u00e7a Pantolon, Gathered Collar Blouse\" width=\"1200\" height=\"675\" src=\"https:\/\/www.youtube.com\/embed\/j-n8jKCG81k?feature=oembed\" frameborder=\"0\" allow=\"accelerometer; autoplay; clipboard-write; encrypted-media; gyroscope; picture-in-picture; web-share\" referrerpolicy=\"strict-origin-when-cross-origin\" allowfullscreen><\/iframe><\/p>\n<p>&nbsp;<\/p>\n<p><iframe title=\"B\u00fczg\u00fcl\u00fc Yaka Bl\u00fcz &amp; Fitilli Kadife Bol Pa\u00e7a Pantolon\" width=\"1200\" height=\"675\" src=\"https:\/\/www.youtube.com\/embed\/OVN1f_b-xDo?feature=oembed\" frameborder=\"0\" allow=\"accelerometer; autoplay; clipboard-write; encrypted-media; gyroscope; picture-in-picture; web-share\" referrerpolicy=\"strict-origin-when-cross-origin\" allowfullscreen><\/iframe><\/p>\n","protected":false},"excerpt":{"rendered":"<table width=\"1089\">\n<tbody>\n<tr>\n<td width=\"204\"><\/td>\n<td colspan=\"5\" width=\"885\">BEDEN<\/td>\n<\/tr>\n<tr>\n<td><\/td>\n<td>4-5 Ya\u015f (104 &#8211; 110 cm)<\/td>\n<td>5-6 Ya\u015f (110 &#8211; 118 cm)<\/td>\n<td>7-8 Ya\u015f (122- 128 cm)<\/td>\n<td>9-10 Ya\u015f (132 &#8211; 140 cm)<\/td>\n<td>11-12 Ya\u015f (152 cm)<\/td>\n<\/tr>\n<tr>\n<td>Pantolon Boyu<\/td>\n<td width=\"177\">60<\/td>\n<td width=\"181\">64<\/td>\n<td width=\"179\">68<\/td>\n<td width=\"193\">73<\/td>\n<td width=\"155\">78<\/td>\n<\/tr>\n<tr>\n<td>Bel Geni\u015fli\u011fi<\/td>\n<td width=\"177\">23<\/td>\n<td width=\"181\">24,5<\/td>\n<td width=\"179\">26<\/td>\n<td width=\"193\">28<\/td>\n<td width=\"155\">30<\/td>\n<\/tr>\n<\/tbody>\n<\/table>\n","protected":false},"featured_media":54857,"comment_status":"open","ping_status":"closed","template":"","meta":[],"product_brand":[],"product_cat":[162,153],"product_tag":[],"class_list":{"0":"post-55395","1":"product","2":"type-product","3":"status-publish","4":"has-post-thumbnail","6":"product_cat-ozel-fiyatlar","7":"product_cat-pantolonlar","10":"first","11":"instock","12":"shipping-taxable","13":"product-type-external"},"_links":{"self":[{"href":"https:\/\/lialea.com\/tr\/wp-json\/wp\/v2\/product\/55395","targetHints":{"allow":["GET"]}}],"collection":[{"href":"https:\/\/lialea.com\/tr\/wp-json\/wp\/v2\/product"}],"about":[{"href":"https:\/\/lialea.com\/tr\/wp-json\/wp\/v2\/types\/product"}],"replies":[{"embeddable":true,"href":"https:\/\/lialea.com\/tr\/wp-json\/wp\/v2\/comments?post=55395"}],"wp:featuredmedia":[{"embeddable":true,"href":"https:\/\/lialea.com\/tr\/wp-json\/wp\/v2\/media\/54857"}],"wp:attachment":[{"href":"https:\/\/lialea.com\/tr\/wp-json\/wp\/v2\/media?parent=55395"}],"wp:term":[{"taxonomy":"product_brand","embeddable":true,"href":"https:\/\/lialea.com\/tr\/wp-json\/wp\/v2\/product_brand?post=55395"},{"taxonomy":"product_cat","embeddable":true,"href":"https:\/\/lialea.com\/tr\/wp-json\/wp\/v2\/product_cat?post=55395"},{"taxonomy":"product_tag","embeddable":true,"href":"https:\/\/lialea.com\/tr\/wp-json\/wp\/v2\/product_tag?post=55395"}],"curies":[{"name":"wp","href":"https:\/\/api.w.org\/{rel}","templated":true}]}}