{"id":55391,"date":"2024-09-29T16:53:27","date_gmt":"2024-09-29T13:53:27","guid":{"rendered":"https:\/\/lialea.com\/urun\/girl-orange-dress-2\/"},"modified":"2025-03-10T22:12:26","modified_gmt":"2025-03-10T19:12:26","slug":"kiz-cocuk-turuncu-elbise-2","status":"publish","type":"product","link":"https:\/\/lialea.com\/tr\/urun\/kiz-cocuk-turuncu-elbise-2\/","title":{"rendered":"K\u0131z \u00c7ocuk Turuncu Elbise"},"content":{"rendered":"<p>Yakas\u0131nda \u00e7i\u00e7ek detay\u0131 bulunan yumu\u015fak trikodan yap\u0131lm\u0131\u015f d\u00fcz ve rahat kesimli k\u0131z \u00e7ocuk elbisesi.<\/p>\n<p>&nbsp;<\/p>\n<p><iframe title=\"\u00d6rme Triko Yumu\u015fak Elbise, Knitted Knitwear Soft Dress\" width=\"1200\" height=\"675\" src=\"https:\/\/www.youtube.com\/embed\/ZoRvTaCjCIM?feature=oembed\" frameborder=\"0\" allow=\"accelerometer; autoplay; clipboard-write; encrypted-media; gyroscope; picture-in-picture; web-share\" referrerpolicy=\"strict-origin-when-cross-origin\" allowfullscreen><\/iframe><\/p>\n","protected":false},"excerpt":{"rendered":"<table width=\"1089\">\n<tbody>\n<tr>\n<td width=\"204\"><\/td>\n<td colspan=\"5\" width=\"885\">BEDEN<\/td>\n<\/tr>\n<tr>\n<td><\/td>\n<td>4-5 Ya\u015f (104 &#8211; 110 cm)<\/td>\n<td>5-6 Ya\u015f (110 &#8211; 118 cm)<\/td>\n<td>7-8 Ya\u015f (122- 128 cm)<\/td>\n<td>9-10 Ya\u015f (132 &#8211; 140 cm)<\/td>\n<td>11-12 Ya\u015f (152 cm)<\/td>\n<\/tr>\n<tr>\n<td>Elbise Boyu<\/td>\n<td width=\"177\">59<\/td>\n<td width=\"181\">63,5<\/td>\n<td width=\"179\">68<\/td>\n<td width=\"193\">73,5<\/td>\n<td width=\"155\">79<\/td>\n<\/tr>\n<tr>\n<td>G\u00f6\u011f\u00fcs Geni\u015fli\u011fi<\/td>\n<td width=\"177\">34<\/td>\n<td width=\"181\">35,5<\/td>\n<td width=\"179\">37<\/td>\n<td width=\"193\">39,5<\/td>\n<td width=\"155\">42<\/td>\n<\/tr>\n<tr>\n<td>Bel Geni\u015fli\u011fi<\/td>\n<td width=\"177\">34<\/td>\n<td width=\"181\">35,5<\/td>\n<td width=\"179\">37<\/td>\n<td width=\"193\">39,5<\/td>\n<td width=\"155\">42<\/td>\n<\/tr>\n<\/tbody>\n<\/table>\n","protected":false},"featured_media":54841,"comment_status":"open","ping_status":"closed","template":"","meta":[],"product_brand":[],"product_cat":[152,162],"product_tag":[],"class_list":{"0":"post-55391","1":"product","2":"type-product","3":"status-publish","4":"has-post-thumbnail","6":"product_cat-elbiseler-4-12-yas","7":"product_cat-ozel-fiyatlar","10":"first","11":"instock","12":"shipping-taxable","13":"product-type-external"},"_links":{"self":[{"href":"https:\/\/lialea.com\/tr\/wp-json\/wp\/v2\/product\/55391","targetHints":{"allow":["GET"]}}],"collection":[{"href":"https:\/\/lialea.com\/tr\/wp-json\/wp\/v2\/product"}],"about":[{"href":"https:\/\/lialea.com\/tr\/wp-json\/wp\/v2\/types\/product"}],"replies":[{"embeddable":true,"href":"https:\/\/lialea.com\/tr\/wp-json\/wp\/v2\/comments?post=55391"}],"wp:featuredmedia":[{"embeddable":true,"href":"https:\/\/lialea.com\/tr\/wp-json\/wp\/v2\/media\/54841"}],"wp:attachment":[{"href":"https:\/\/lialea.com\/tr\/wp-json\/wp\/v2\/media?parent=55391"}],"wp:term":[{"taxonomy":"product_brand","embeddable":true,"href":"https:\/\/lialea.com\/tr\/wp-json\/wp\/v2\/product_brand?post=55391"},{"taxonomy":"product_cat","embeddable":true,"href":"https:\/\/lialea.com\/tr\/wp-json\/wp\/v2\/product_cat?post=55391"},{"taxonomy":"product_tag","embeddable":true,"href":"https:\/\/lialea.com\/tr\/wp-json\/wp\/v2\/product_tag?post=55391"}],"curies":[{"name":"wp","href":"https:\/\/api.w.org\/{rel}","templated":true}]}}